{"id":18084,"date":"2023-09-25T15:23:06","date_gmt":"2023-09-26T15:51:45","guid":{"rendered":"https:\/\/maison4tiers.com\/?post_type=product&#038;p=18084"},"modified":"2023-09-26T11:56:09","modified_gmt":"2023-09-26T15:56:09","slug":"sukwans-island","status":"publish","type":"product","link":"https:\/\/maison4tiers.com\/ecrans-solidaires\/en\/product\/sukwans-island\/","title":{"rendered":"Sukwan&#8217;s Island"},"excerpt":{"rendered":"<h4><strong>NOW AVAILABLE ON VOD!<\/strong><\/h4>\n<p>In a remote village in Thailand, Sukwan, an 8-year-old autodidact, is building with her parents\u2019 help a life-sized version of \u2018Snowyaland\u2019: an imaginary world she has conceived in her own mind. Against all odds, the modest family has been pursuing this colossal endeavor over the years while attempting to preserve Sukwan\u2019s luxuriant inner world as she is soon approaching adolescence and its many temptations.<\/p>\n<blockquote><p><em>\u00abThe immersion of the documentary filmmakers in the intimacy of this astonishing family is an undeniable success.\u00bb <\/em><\/p>\n<p><a href=\"https:\/\/www.lapresse.ca\/cinema\/critiques\/2023-09-08\/l-ile-de-sukwan\/rever-d-une-autre-education.php\" target=\"_blank\" rel=\"noopener\">\u2605\u2605\u2605\u2605<strong>\u00a0\u2013 LA PRESSE<\/strong><\/a><\/p>\n<p><em>\u00abA sensitive film that stands out in the spirit of the times.\u00bb<\/em><\/p>\n<p><a href=\"https:\/\/www.lesoleil.com\/arts\/cinema\/2023\/09\/08\/emlile-de-sukwanem-la-joie-de-linnocence-puis-le-deuil-de-lenfance-FFYE2FMM6BBWNPAX5QJ5PCIGVI\/\" target=\"_blank\" rel=\"noopener\">\u2605\u2605\u2605\u2605<strong>\u00a0\u2013 LE SOLEIL<\/strong><\/a><\/p><\/blockquote>\n<p><a href=\"https:\/\/maison4tiers.com\/en\/product-category\/movie\/documentary\/\" target=\"_blank\" rel=\"noopener\"><span style=\"text-decoration: underline;\">See other documentary films<\/span><\/a><\/p>\n<p>*Only available in Canada<\/p>\n","protected":false},"featured_media":18079,"template":"","meta":{"_acf_changed":false,"_eb_attr":""},"product_brand":[],"product_cat":[143,133,102,124,103,127],"product_tag":[915,945,943,724,941,942,939,879,944,940],"class_list":{"0":"post-18084","1":"product","2":"type-product","3":"status-publish","4":"has-post-thumbnail","6":"product_cat-digital","7":"product_cat-allmovies","8":"product_cat-documentary","9":"product_cat-family","10":"product_cat-movie","11":"product_cat-reflexion-en","12":"product_tag-adolescence-en","13":"product_tag-documentaire-en","14":"product_tag-enfance-en","15":"product_tag-famille-en","16":"product_tag-ile-en","17":"product_tag-imagination-en","18":"product_tag-lile-de-sukwan-en","19":"product_tag-nature-en","20":"product_tag-snowyaland-en","21":"product_tag-thailande-en","23":"first","24":"instock","25":"taxable","26":"shipping-taxable","27":"purchasable","28":"product-type-variable","29":"has-default-attributes"},"acf":[],"yoast_head":"<!-- This site is optimized with the Yoast SEO plugin v27.0 - https:\/\/yoast.com\/product\/yoast-seo-wordpress\/ -->\n<title>Sukwan&#039;s Island - \u00c9crans solidaires - Movies - Watch the documentary now!<\/title>\n<meta name=\"description\" content=\"Sukwan&#039;s Island; an 8-year-old autodidact, is building with her parents\u2019 help Snowyaland\u2019: an imaginary world she has conceived in her own mind.\" \/>\n<meta name=\"robots\" content=\"noindex, follow, max-snippet:-1, max-image-preview:large, max-video-preview:-1\" \/>\n<meta property=\"og:locale\" content=\"en_US\" \/>\n<meta property=\"og:type\" content=\"article\" \/>\n<meta property=\"og:title\" content=\"Sukwan&#039;s Island\" \/>\n<meta property=\"og:description\" content=\"In a remote village in Thailand, Sukwan, an 8-year-old autodidact, is building with her parents\u2019 help a life-sized version of \u2018Snowyaland\u2019: an imaginary world she has conceived in her own mind. Against all odds, the modest family has been pursuing this colossal endeavor over the years while attempting to preserve Sukwan\u2019s luxuriant inner world as she is soon approaching adolescence and its many temptations.\" \/>\n<meta property=\"og:url\" content=\"https:\/\/maison4tiers.com\/ecrans-solidaires\/en\/product\/sukwans-island\/\" \/>\n<meta property=\"og:site_name\" content=\"\u00c9crans solidaires\" \/>\n<meta property=\"article:modified_time\" content=\"2023-09-26T15:56:09+00:00\" \/>\n<meta property=\"og:image\" content=\"https:\/\/maison4tiers.com\/ecrans-solidaires\/wp-content\/uploads\/sites\/76\/2023\/09\/SukwanIsland_poster_800x1200.jpg\" \/>\n\t<meta property=\"og:image:width\" content=\"800\" \/>\n\t<meta property=\"og:image:height\" content=\"1200\" \/>\n\t<meta property=\"og:image:type\" content=\"image\/jpeg\" \/>\n<meta name=\"twitter:card\" content=\"summary_large_image\" \/>\n<meta name=\"twitter:title\" content=\"Sukwan&#039;s Island\" \/>\n<meta name=\"twitter:description\" content=\"In a remote village in Thailand, Sukwan, an 8-year-old autodidact, is building with her parents\u2019 help a life-sized version of \u2018Snowyaland\u2019: an imaginary world she has conceived in her own mind. Against all odds, the modest family has been pursuing this colossal endeavor over the years while attempting to preserve Sukwan\u2019s luxuriant inner world as she is soon approaching adolescence and its many temptations.\" \/>\n<meta name=\"twitter:image\" content=\"https:\/\/maison4tiers.com\/ecrans-solidaires\/wp-content\/uploads\/sites\/76\/2023\/09\/SukwanIsland_poster_800x1200.jpg\" \/>\n<script type=\"application\/ld+json\" class=\"yoast-schema-graph\">{\"@context\":\"https:\/\/schema.org\",\"@graph\":[{\"@type\":\"WebPage\",\"@id\":\"https:\/\/maison4tiers.com\/ecrans-solidaires\/en\/product\/sukwans-island\/\",\"url\":\"https:\/\/maison4tiers.com\/ecrans-solidaires\/en\/product\/sukwans-island\/\",\"name\":\"Sukwan's Island - \u00c9crans solidaires - Movies - Watch the documentary now!\",\"isPartOf\":{\"@id\":\"https:\/\/maison4tiers.com\/ecrans-solidaires\/en\/#website\"},\"primaryImageOfPage\":{\"@id\":\"https:\/\/maison4tiers.com\/ecrans-solidaires\/en\/product\/sukwans-island\/#primaryimage\"},\"image\":{\"@id\":\"https:\/\/maison4tiers.com\/ecrans-solidaires\/en\/product\/sukwans-island\/#primaryimage\"},\"thumbnailUrl\":\"https:\/\/maison4tiers.com\/ecrans-solidaires\/wp-content\/uploads\/sites\/76\/2023\/09\/IleSukwan_affiche_800x1200.jpg\",\"datePublished\":\"2023-09-26T15:51:45+00:00\",\"dateModified\":\"2023-09-26T15:56:09+00:00\",\"description\":\"Sukwan's Island; an 8-year-old autodidact, is building with her parents\u2019 help Snowyaland\u2019: an imaginary world she has conceived in her own mind.\",\"breadcrumb\":{\"@id\":\"https:\/\/maison4tiers.com\/ecrans-solidaires\/en\/product\/sukwans-island\/#breadcrumb\"},\"inLanguage\":\"en-US\",\"potentialAction\":[{\"@type\":\"ReadAction\",\"target\":[\"https:\/\/maison4tiers.com\/ecrans-solidaires\/en\/product\/sukwans-island\/\"]}]},{\"@type\":\"ImageObject\",\"inLanguage\":\"en-US\",\"@id\":\"https:\/\/maison4tiers.com\/ecrans-solidaires\/en\/product\/sukwans-island\/#primaryimage\",\"url\":\"https:\/\/maison4tiers.com\/ecrans-solidaires\/wp-content\/uploads\/sites\/76\/2023\/09\/IleSukwan_affiche_800x1200.jpg\",\"contentUrl\":\"https:\/\/maison4tiers.com\/ecrans-solidaires\/wp-content\/uploads\/sites\/76\/2023\/09\/IleSukwan_affiche_800x1200.jpg\",\"width\":800,\"height\":1200},{\"@type\":\"BreadcrumbList\",\"@id\":\"https:\/\/maison4tiers.com\/ecrans-solidaires\/en\/product\/sukwans-island\/#breadcrumb\",\"itemListElement\":[{\"@type\":\"ListItem\",\"position\":1,\"name\":\"Home\",\"item\":\"https:\/\/maison4tiers.com\/ecrans-solidaires\/en\/\"},{\"@type\":\"ListItem\",\"position\":2,\"name\":\"Movies\",\"item\":\"https:\/\/maison4tiers.com\/ecrans-solidaires\/en\/movies\/\"},{\"@type\":\"ListItem\",\"position\":3,\"name\":\"Sukwan&#8217;s Island\"}]},{\"@type\":\"WebSite\",\"@id\":\"https:\/\/maison4tiers.com\/ecrans-solidaires\/en\/#website\",\"url\":\"https:\/\/maison4tiers.com\/ecrans-solidaires\/en\/\",\"name\":\"\u00c9crans solidaires\",\"description\":\"Distribution multiplateforme de films qu\u00e9b\u00e9cois et internationaux\",\"publisher\":{\"@id\":\"https:\/\/maison4tiers.com\/ecrans-solidaires\/en\/#organization\"},\"potentialAction\":[{\"@type\":\"SearchAction\",\"target\":{\"@type\":\"EntryPoint\",\"urlTemplate\":\"https:\/\/maison4tiers.com\/ecrans-solidaires\/en\/?s={search_term_string}\"},\"query-input\":{\"@type\":\"PropertyValueSpecification\",\"valueRequired\":true,\"valueName\":\"search_term_string\"}}],\"inLanguage\":\"en-US\"},{\"@type\":\"Organization\",\"@id\":\"https:\/\/maison4tiers.com\/ecrans-solidaires\/en\/#organization\",\"name\":\"\u00c9crans solidaires\",\"url\":\"https:\/\/maison4tiers.com\/ecrans-solidaires\/en\/\",\"logo\":{\"@type\":\"ImageObject\",\"inLanguage\":\"en-US\",\"@id\":\"https:\/\/maison4tiers.com\/ecrans-solidaires\/en\/#\/schema\/logo\/image\/\",\"url\":\"https:\/\/maison4tiers.com\/ecrans-solidaires\/wp-content\/uploads\/sites\/76\/2020\/11\/favicon-196.png\",\"contentUrl\":\"https:\/\/maison4tiers.com\/ecrans-solidaires\/wp-content\/uploads\/sites\/76\/2020\/11\/favicon-196.png\",\"width\":196,\"height\":196,\"caption\":\"\u00c9crans solidaires\"},\"image\":{\"@id\":\"https:\/\/maison4tiers.com\/ecrans-solidaires\/en\/#\/schema\/logo\/image\/\"}}]}<\/script>\n<!-- \/ Yoast SEO plugin. -->","yoast_head_json":{"title":"Sukwan's Island - \u00c9crans solidaires - Movies - Watch the documentary now!","description":"Sukwan's Island; an 8-year-old autodidact, is building with her parents\u2019 help Snowyaland\u2019: an imaginary world she has conceived in her own mind.","robots":{"index":"noindex","follow":"follow","max-snippet":"max-snippet:-1","max-image-preview":"max-image-preview:large","max-video-preview":"max-video-preview:-1"},"og_locale":"en_US","og_type":"article","og_title":"Sukwan's Island","og_description":"In a remote village in Thailand, Sukwan, an 8-year-old autodidact, is building with her parents\u2019 help a life-sized version of \u2018Snowyaland\u2019: an imaginary world she has conceived in her own mind. Against all odds, the modest family has been pursuing this colossal endeavor over the years while attempting to preserve Sukwan\u2019s luxuriant inner world as she is soon approaching adolescence and its many temptations.","og_url":"https:\/\/maison4tiers.com\/ecrans-solidaires\/en\/product\/sukwans-island\/","og_site_name":"\u00c9crans solidaires","article_modified_time":"2023-09-26T15:56:09+00:00","og_image":[{"width":800,"height":1200,"url":"https:\/\/maison4tiers.com\/ecrans-solidaires\/wp-content\/uploads\/sites\/76\/2023\/09\/SukwanIsland_poster_800x1200.jpg","type":"image\/jpeg"}],"twitter_card":"summary_large_image","twitter_title":"Sukwan's Island","twitter_description":"In a remote village in Thailand, Sukwan, an 8-year-old autodidact, is building with her parents\u2019 help a life-sized version of \u2018Snowyaland\u2019: an imaginary world she has conceived in her own mind. Against all odds, the modest family has been pursuing this colossal endeavor over the years while attempting to preserve Sukwan\u2019s luxuriant inner world as she is soon approaching adolescence and its many temptations.","twitter_image":"https:\/\/maison4tiers.com\/ecrans-solidaires\/wp-content\/uploads\/sites\/76\/2023\/09\/SukwanIsland_poster_800x1200.jpg","schema":{"@context":"https:\/\/schema.org","@graph":[{"@type":"WebPage","@id":"https:\/\/maison4tiers.com\/ecrans-solidaires\/en\/product\/sukwans-island\/","url":"https:\/\/maison4tiers.com\/ecrans-solidaires\/en\/product\/sukwans-island\/","name":"Sukwan's Island - \u00c9crans solidaires - Movies - Watch the documentary now!","isPartOf":{"@id":"https:\/\/maison4tiers.com\/ecrans-solidaires\/en\/#website"},"primaryImageOfPage":{"@id":"https:\/\/maison4tiers.com\/ecrans-solidaires\/en\/product\/sukwans-island\/#primaryimage"},"image":{"@id":"https:\/\/maison4tiers.com\/ecrans-solidaires\/en\/product\/sukwans-island\/#primaryimage"},"thumbnailUrl":"https:\/\/maison4tiers.com\/ecrans-solidaires\/wp-content\/uploads\/sites\/76\/2023\/09\/IleSukwan_affiche_800x1200.jpg","datePublished":"2023-09-26T15:51:45+00:00","dateModified":"2023-09-26T15:56:09+00:00","description":"Sukwan's Island; an 8-year-old autodidact, is building with her parents\u2019 help Snowyaland\u2019: an imaginary world she has conceived in her own mind.","breadcrumb":{"@id":"https:\/\/maison4tiers.com\/ecrans-solidaires\/en\/product\/sukwans-island\/#breadcrumb"},"inLanguage":"en-US","potentialAction":[{"@type":"ReadAction","target":["https:\/\/maison4tiers.com\/ecrans-solidaires\/en\/product\/sukwans-island\/"]}]},{"@type":"ImageObject","inLanguage":"en-US","@id":"https:\/\/maison4tiers.com\/ecrans-solidaires\/en\/product\/sukwans-island\/#primaryimage","url":"https:\/\/maison4tiers.com\/ecrans-solidaires\/wp-content\/uploads\/sites\/76\/2023\/09\/IleSukwan_affiche_800x1200.jpg","contentUrl":"https:\/\/maison4tiers.com\/ecrans-solidaires\/wp-content\/uploads\/sites\/76\/2023\/09\/IleSukwan_affiche_800x1200.jpg","width":800,"height":1200},{"@type":"BreadcrumbList","@id":"https:\/\/maison4tiers.com\/ecrans-solidaires\/en\/product\/sukwans-island\/#breadcrumb","itemListElement":[{"@type":"ListItem","position":1,"name":"Home","item":"https:\/\/maison4tiers.com\/ecrans-solidaires\/en\/"},{"@type":"ListItem","position":2,"name":"Movies","item":"https:\/\/maison4tiers.com\/ecrans-solidaires\/en\/movies\/"},{"@type":"ListItem","position":3,"name":"Sukwan&#8217;s Island"}]},{"@type":"WebSite","@id":"https:\/\/maison4tiers.com\/ecrans-solidaires\/en\/#website","url":"https:\/\/maison4tiers.com\/ecrans-solidaires\/en\/","name":"\u00c9crans solidaires","description":"Distribution multiplateforme de films qu\u00e9b\u00e9cois et internationaux","publisher":{"@id":"https:\/\/maison4tiers.com\/ecrans-solidaires\/en\/#organization"},"potentialAction":[{"@type":"SearchAction","target":{"@type":"EntryPoint","urlTemplate":"https:\/\/maison4tiers.com\/ecrans-solidaires\/en\/?s={search_term_string}"},"query-input":{"@type":"PropertyValueSpecification","valueRequired":true,"valueName":"search_term_string"}}],"inLanguage":"en-US"},{"@type":"Organization","@id":"https:\/\/maison4tiers.com\/ecrans-solidaires\/en\/#organization","name":"\u00c9crans solidaires","url":"https:\/\/maison4tiers.com\/ecrans-solidaires\/en\/","logo":{"@type":"ImageObject","inLanguage":"en-US","@id":"https:\/\/maison4tiers.com\/ecrans-solidaires\/en\/#\/schema\/logo\/image\/","url":"https:\/\/maison4tiers.com\/ecrans-solidaires\/wp-content\/uploads\/sites\/76\/2020\/11\/favicon-196.png","contentUrl":"https:\/\/maison4tiers.com\/ecrans-solidaires\/wp-content\/uploads\/sites\/76\/2020\/11\/favicon-196.png","width":196,"height":196,"caption":"\u00c9crans solidaires"},"image":{"@id":"https:\/\/maison4tiers.com\/ecrans-solidaires\/en\/#\/schema\/logo\/image\/"}}]}},"jetpack_sharing_enabled":true,"_links":{"self":[{"href":"https:\/\/maison4tiers.com\/ecrans-solidaires\/en\/wp-json\/wp\/v2\/product\/18084","targetHints":{"allow":["GET"]}}],"collection":[{"href":"https:\/\/maison4tiers.com\/ecrans-solidaires\/en\/wp-json\/wp\/v2\/product"}],"about":[{"href":"https:\/\/maison4tiers.com\/ecrans-solidaires\/en\/wp-json\/wp\/v2\/types\/product"}],"wp:featuredmedia":[{"embeddable":true,"href":"https:\/\/maison4tiers.com\/ecrans-solidaires\/en\/wp-json\/wp\/v2\/media\/18079"}],"wp:attachment":[{"href":"https:\/\/maison4tiers.com\/ecrans-solidaires\/en\/wp-json\/wp\/v2\/media?parent=18084"}],"wp:term":[{"taxonomy":"product_brand","embeddable":true,"href":"https:\/\/maison4tiers.com\/ecrans-solidaires\/en\/wp-json\/wp\/v2\/product_brand?post=18084"},{"taxonomy":"product_cat","embeddable":true,"href":"https:\/\/maison4tiers.com\/ecrans-solidaires\/en\/wp-json\/wp\/v2\/product_cat?post=18084"},{"taxonomy":"product_tag","embeddable":true,"href":"https:\/\/maison4tiers.com\/ecrans-solidaires\/en\/wp-json\/wp\/v2\/product_tag?post=18084"}],"curies":[{"name":"wp","href":"https:\/\/api.w.org\/{rel}","templated":true}]}}