{"id":17225,"date":"2023-08-10T16:52:47","date_gmt":"2023-08-10T20:52:51","guid":{"rendered":"https:\/\/maison4tiers.com\/?post_type=product&#038;p=17225"},"modified":"2023-09-21T13:28:23","modified_gmt":"2023-09-21T17:28:23","slug":"adventures-in-the-land-of-asha","status":"publish","type":"product","link":"https:\/\/maison4tiers.com\/ecrans-solidaires\/en\/product\/adventures-in-the-land-of-asha\/","title":{"rendered":"Adventures in the Land of Asha"},"excerpt":{"rendered":"<h4><strong>NOW AVAILABLE ON DVD AND ON DEMAND!<\/strong><\/h4>\n<p>On a cold winter day in 1940, Jules moves in with his family at the home of his uncle, mayor of a settler village in northern Quebec. Due to a rare skin disease, he has no friends. So his biggest wish is to get well. When his dog Flagrant flees into the forest, Jules has no choice but to get away from his house to find him. Along the way, he meets Asha, a mysterious indigenous girl. Together, they will venture to the other side of the forest, where nature is full of life and secrets.<\/p>\n<blockquote><p><em>\u00ab A marvelous quest that celebrates openness, childhood and nature. A beautiful inspiring film for young and old<\/em><em><span style=\"font-weight: 400;\">. <\/span>\u00bb<br \/>\n<\/em><a href=\"https:\/\/www.ledevoir.com\/culture\/cinema\/793988\/cinema-jules-au-pays-d-asha-amities-magiques-et-forets-enchantees\" target=\"_blank\" rel=\"noopener\">\u2605\u2605\u2605 1\/2<strong>\u00a0\u2013 LE DEVOIR<\/strong><\/a><\/p>\n<p><em>\u00ab The verdant forest seems almost magical through the lens of Sophie Farkas Bolla. But beyond the beauty of nature, it is above all that of childhood that the filmmaker succeeds brilliantly in highlighting. \u00bb<\/em><br \/>\n<a href=\"https:\/\/www.lapresse.ca\/cinema\/critiques\/2023-07-07\/jules-au-pays-d-asha\/ecouter-son-coeur-d-enfant.php\" target=\"_blank\" rel=\"noopener\">\u2605\u2605\u2605\u2605<strong> \u2013 LA PRESSE<\/strong><\/a><\/p>\n<p><em>\u00ab In Jules au pays d\u2019Asha, we find all these charming characteristics of youth. It only gives one desire: to listen to your child&#8217;s heart and go on an adventure<span style=\"font-weight: 400;\">.<\/span>\u00a0\u00bb<\/em><br \/>\n<a href=\"https:\/\/www.lapresse.ca\/cinema\/critiques\/2023-07-07\/jules-au-pays-d-asha\/ecouter-son-coeur-d-enfant.php\" target=\"_blank\" rel=\"noopener\">\u2605\u2605\u2605\u2605<strong> \u2013 LA PRESSE<\/strong><\/a><\/p>\n<p>&nbsp;<\/p><\/blockquote>\n<p>&nbsp;<\/p>\n<p><a href=\"https:\/\/maison4tiers.com\/films\/\" target=\"_blank\" rel=\"noopener\"><span style=\"text-decoration: underline;\">Watch other movies<\/span><\/a><\/p>\n<p>*Only available in Canada<\/p>\n<p>&nbsp;<\/p>\n","protected":false},"featured_media":17399,"template":"","meta":{"_acf_changed":false,"_eb_attr":""},"product_brand":[],"product_cat":[143,137,133,125,124,130,103,126],"product_tag":[871,877,870,876,878,697,724,875,874,869,879,872,873],"class_list":{"0":"post-17225","1":"product","2":"type-product","3":"status-publish","4":"has-post-thumbnail","6":"product_cat-digital","7":"product_cat-dvd-en","8":"product_cat-allmovies","9":"product_cat-environment","10":"product_cat-family","11":"product_cat-fiction-en","12":"product_cat-movie","13":"product_cat-quebec-movie","14":"product_tag-1940-en","15":"product_tag-amitie-en","16":"product_tag-aventure-en","17":"product_tag-coming-of-age-en","18":"product_tag-decouverte-en","19":"product_tag-enfants-en","20":"product_tag-famille-en","21":"product_tag-foret-en","22":"product_tag-hiver-en","23":"product_tag-jules-au-pays-dasha-en","24":"product_tag-nature-en","25":"product_tag-nord-en","26":"product_tag-premieres-nations-en","28":"first","29":"instock","30":"sale","31":"taxable","32":"shipping-taxable","33":"purchasable","34":"product-type-variable","35":"has-default-attributes"},"acf":[],"yoast_head":"<!-- This site is optimized with the Yoast SEO plugin v27.0 - https:\/\/yoast.com\/product\/yoast-seo-wordpress\/ -->\n<title>Adventures in the Land of Asha - \u00c9crans solidaires - See the movie now! -<\/title>\n<meta name=\"description\" content=\"Adventures in the Land of Asha - When his dog flees, Jules get away from his house to find him. Along the way, he meets Asha, a mysterious indigenous girl.\" \/>\n<meta name=\"robots\" content=\"noindex, follow, max-snippet:-1, max-image-preview:large, max-video-preview:-1\" \/>\n<meta property=\"og:locale\" content=\"en_US\" \/>\n<meta property=\"og:type\" content=\"article\" \/>\n<meta property=\"og:title\" content=\"Adventures in the Land of Asha\" \/>\n<meta property=\"og:description\" content=\"On a cold winter day in 1940, Jules moves in with his family at the home of his uncle, mayor of a settler village in northern Quebec. Due to a rare skin disease, he has no friends. So his biggest wish is to get well. When his dog Flagrant flees into the forest, Jules has no choice but to get away from his house to find him. Along the way, he meets Asha, a mysterious indigenous girl. Together, they will venture to the other side of the forest, where nature is full of life and secrets.\" \/>\n<meta property=\"og:url\" content=\"https:\/\/maison4tiers.com\/ecrans-solidaires\/en\/product\/adventures-in-the-land-of-asha\/\" \/>\n<meta property=\"og:site_name\" content=\"\u00c9crans solidaires\" \/>\n<meta property=\"article:modified_time\" content=\"2023-09-21T17:28:23+00:00\" \/>\n<meta property=\"og:image\" content=\"https:\/\/maison4tiers.com\/ecrans-solidaires\/wp-content\/uploads\/sites\/76\/2023\/08\/AdventuresAhsa_poster_WEB_LR-scaled.jpg\" \/>\n\t<meta property=\"og:image:width\" content=\"1772\" \/>\n\t<meta property=\"og:image:height\" content=\"2560\" \/>\n\t<meta property=\"og:image:type\" content=\"image\/jpeg\" \/>\n<meta name=\"twitter:card\" content=\"summary_large_image\" \/>\n<meta name=\"twitter:title\" content=\"Adventures in the Land of Asha\" \/>\n<meta name=\"twitter:description\" content=\"On a cold winter day in 1940, Jules moves in with his family at the home of his uncle, mayor of a settler village in northern Quebec. Due to a rare skin disease, he has no friends. So his biggest wish is to get well. When his dog Flagrant flees into the forest, Jules has no choice but to get away from his house to find him. Along the way, he meets Asha, a mysterious indigenous girl. Together, they will venture to the other side of the forest, where nature is full of life and secrets.\" \/>\n<meta name=\"twitter:image\" content=\"https:\/\/maison4tiers.com\/ecrans-solidaires\/wp-content\/uploads\/sites\/76\/2023\/08\/AdventuresAhsa_poster_WEB_LR-scaled.jpg\" \/>\n<script type=\"application\/ld+json\" class=\"yoast-schema-graph\">{\"@context\":\"https:\/\/schema.org\",\"@graph\":[{\"@type\":\"WebPage\",\"@id\":\"https:\/\/maison4tiers.com\/ecrans-solidaires\/en\/product\/adventures-in-the-land-of-asha\/\",\"url\":\"https:\/\/maison4tiers.com\/ecrans-solidaires\/en\/product\/adventures-in-the-land-of-asha\/\",\"name\":\"Adventures in the Land of Asha - \u00c9crans solidaires - See the movie now! -\",\"isPartOf\":{\"@id\":\"https:\/\/maison4tiers.com\/ecrans-solidaires\/en\/#website\"},\"primaryImageOfPage\":{\"@id\":\"https:\/\/maison4tiers.com\/ecrans-solidaires\/en\/product\/adventures-in-the-land-of-asha\/#primaryimage\"},\"image\":{\"@id\":\"https:\/\/maison4tiers.com\/ecrans-solidaires\/en\/product\/adventures-in-the-land-of-asha\/#primaryimage\"},\"thumbnailUrl\":\"https:\/\/maison4tiers.com\/ecrans-solidaires\/wp-content\/uploads\/sites\/76\/2023\/08\/AdventuresAhsa_poster_WEB_LR-scaled.jpg\",\"datePublished\":\"2023-08-10T20:52:51+00:00\",\"dateModified\":\"2023-09-21T17:28:23+00:00\",\"description\":\"Adventures in the Land of Asha - When his dog flees, Jules get away from his house to find him. Along the way, he meets Asha, a mysterious indigenous girl.\",\"breadcrumb\":{\"@id\":\"https:\/\/maison4tiers.com\/ecrans-solidaires\/en\/product\/adventures-in-the-land-of-asha\/#breadcrumb\"},\"inLanguage\":\"en-US\",\"potentialAction\":[{\"@type\":\"ReadAction\",\"target\":[\"https:\/\/maison4tiers.com\/ecrans-solidaires\/en\/product\/adventures-in-the-land-of-asha\/\"]}]},{\"@type\":\"ImageObject\",\"inLanguage\":\"en-US\",\"@id\":\"https:\/\/maison4tiers.com\/ecrans-solidaires\/en\/product\/adventures-in-the-land-of-asha\/#primaryimage\",\"url\":\"https:\/\/maison4tiers.com\/ecrans-solidaires\/wp-content\/uploads\/sites\/76\/2023\/08\/AdventuresAhsa_poster_WEB_LR-scaled.jpg\",\"contentUrl\":\"https:\/\/maison4tiers.com\/ecrans-solidaires\/wp-content\/uploads\/sites\/76\/2023\/08\/AdventuresAhsa_poster_WEB_LR-scaled.jpg\",\"width\":1772,\"height\":2560},{\"@type\":\"BreadcrumbList\",\"@id\":\"https:\/\/maison4tiers.com\/ecrans-solidaires\/en\/product\/adventures-in-the-land-of-asha\/#breadcrumb\",\"itemListElement\":[{\"@type\":\"ListItem\",\"position\":1,\"name\":\"Home\",\"item\":\"https:\/\/maison4tiers.com\/ecrans-solidaires\/en\/\"},{\"@type\":\"ListItem\",\"position\":2,\"name\":\"Movies\",\"item\":\"https:\/\/maison4tiers.com\/ecrans-solidaires\/en\/movies\/\"},{\"@type\":\"ListItem\",\"position\":3,\"name\":\"Adventures in the Land of Asha\"}]},{\"@type\":\"WebSite\",\"@id\":\"https:\/\/maison4tiers.com\/ecrans-solidaires\/en\/#website\",\"url\":\"https:\/\/maison4tiers.com\/ecrans-solidaires\/en\/\",\"name\":\"\u00c9crans solidaires\",\"description\":\"Distribution multiplateforme de films qu\u00e9b\u00e9cois et internationaux\",\"publisher\":{\"@id\":\"https:\/\/maison4tiers.com\/ecrans-solidaires\/en\/#organization\"},\"potentialAction\":[{\"@type\":\"SearchAction\",\"target\":{\"@type\":\"EntryPoint\",\"urlTemplate\":\"https:\/\/maison4tiers.com\/ecrans-solidaires\/en\/?s={search_term_string}\"},\"query-input\":{\"@type\":\"PropertyValueSpecification\",\"valueRequired\":true,\"valueName\":\"search_term_string\"}}],\"inLanguage\":\"en-US\"},{\"@type\":\"Organization\",\"@id\":\"https:\/\/maison4tiers.com\/ecrans-solidaires\/en\/#organization\",\"name\":\"\u00c9crans solidaires\",\"url\":\"https:\/\/maison4tiers.com\/ecrans-solidaires\/en\/\",\"logo\":{\"@type\":\"ImageObject\",\"inLanguage\":\"en-US\",\"@id\":\"https:\/\/maison4tiers.com\/ecrans-solidaires\/en\/#\/schema\/logo\/image\/\",\"url\":\"https:\/\/maison4tiers.com\/ecrans-solidaires\/wp-content\/uploads\/sites\/76\/2020\/11\/favicon-196.png\",\"contentUrl\":\"https:\/\/maison4tiers.com\/ecrans-solidaires\/wp-content\/uploads\/sites\/76\/2020\/11\/favicon-196.png\",\"width\":196,\"height\":196,\"caption\":\"\u00c9crans solidaires\"},\"image\":{\"@id\":\"https:\/\/maison4tiers.com\/ecrans-solidaires\/en\/#\/schema\/logo\/image\/\"}}]}<\/script>\n<!-- \/ Yoast SEO plugin. -->","yoast_head_json":{"title":"Adventures in the Land of Asha - \u00c9crans solidaires - See the movie now! -","description":"Adventures in the Land of Asha - When his dog flees, Jules get away from his house to find him. Along the way, he meets Asha, a mysterious indigenous girl.","robots":{"index":"noindex","follow":"follow","max-snippet":"max-snippet:-1","max-image-preview":"max-image-preview:large","max-video-preview":"max-video-preview:-1"},"og_locale":"en_US","og_type":"article","og_title":"Adventures in the Land of Asha","og_description":"On a cold winter day in 1940, Jules moves in with his family at the home of his uncle, mayor of a settler village in northern Quebec. Due to a rare skin disease, he has no friends. So his biggest wish is to get well. When his dog Flagrant flees into the forest, Jules has no choice but to get away from his house to find him. Along the way, he meets Asha, a mysterious indigenous girl. Together, they will venture to the other side of the forest, where nature is full of life and secrets.","og_url":"https:\/\/maison4tiers.com\/ecrans-solidaires\/en\/product\/adventures-in-the-land-of-asha\/","og_site_name":"\u00c9crans solidaires","article_modified_time":"2023-09-21T17:28:23+00:00","og_image":[{"width":1772,"height":2560,"url":"https:\/\/maison4tiers.com\/ecrans-solidaires\/wp-content\/uploads\/sites\/76\/2023\/08\/AdventuresAhsa_poster_WEB_LR-scaled.jpg","type":"image\/jpeg"}],"twitter_card":"summary_large_image","twitter_title":"Adventures in the Land of Asha","twitter_description":"On a cold winter day in 1940, Jules moves in with his family at the home of his uncle, mayor of a settler village in northern Quebec. Due to a rare skin disease, he has no friends. So his biggest wish is to get well. When his dog Flagrant flees into the forest, Jules has no choice but to get away from his house to find him. Along the way, he meets Asha, a mysterious indigenous girl. Together, they will venture to the other side of the forest, where nature is full of life and secrets.","twitter_image":"https:\/\/maison4tiers.com\/ecrans-solidaires\/wp-content\/uploads\/sites\/76\/2023\/08\/AdventuresAhsa_poster_WEB_LR-scaled.jpg","schema":{"@context":"https:\/\/schema.org","@graph":[{"@type":"WebPage","@id":"https:\/\/maison4tiers.com\/ecrans-solidaires\/en\/product\/adventures-in-the-land-of-asha\/","url":"https:\/\/maison4tiers.com\/ecrans-solidaires\/en\/product\/adventures-in-the-land-of-asha\/","name":"Adventures in the Land of Asha - \u00c9crans solidaires - See the movie now! -","isPartOf":{"@id":"https:\/\/maison4tiers.com\/ecrans-solidaires\/en\/#website"},"primaryImageOfPage":{"@id":"https:\/\/maison4tiers.com\/ecrans-solidaires\/en\/product\/adventures-in-the-land-of-asha\/#primaryimage"},"image":{"@id":"https:\/\/maison4tiers.com\/ecrans-solidaires\/en\/product\/adventures-in-the-land-of-asha\/#primaryimage"},"thumbnailUrl":"https:\/\/maison4tiers.com\/ecrans-solidaires\/wp-content\/uploads\/sites\/76\/2023\/08\/AdventuresAhsa_poster_WEB_LR-scaled.jpg","datePublished":"2023-08-10T20:52:51+00:00","dateModified":"2023-09-21T17:28:23+00:00","description":"Adventures in the Land of Asha - When his dog flees, Jules get away from his house to find him. Along the way, he meets Asha, a mysterious indigenous girl.","breadcrumb":{"@id":"https:\/\/maison4tiers.com\/ecrans-solidaires\/en\/product\/adventures-in-the-land-of-asha\/#breadcrumb"},"inLanguage":"en-US","potentialAction":[{"@type":"ReadAction","target":["https:\/\/maison4tiers.com\/ecrans-solidaires\/en\/product\/adventures-in-the-land-of-asha\/"]}]},{"@type":"ImageObject","inLanguage":"en-US","@id":"https:\/\/maison4tiers.com\/ecrans-solidaires\/en\/product\/adventures-in-the-land-of-asha\/#primaryimage","url":"https:\/\/maison4tiers.com\/ecrans-solidaires\/wp-content\/uploads\/sites\/76\/2023\/08\/AdventuresAhsa_poster_WEB_LR-scaled.jpg","contentUrl":"https:\/\/maison4tiers.com\/ecrans-solidaires\/wp-content\/uploads\/sites\/76\/2023\/08\/AdventuresAhsa_poster_WEB_LR-scaled.jpg","width":1772,"height":2560},{"@type":"BreadcrumbList","@id":"https:\/\/maison4tiers.com\/ecrans-solidaires\/en\/product\/adventures-in-the-land-of-asha\/#breadcrumb","itemListElement":[{"@type":"ListItem","position":1,"name":"Home","item":"https:\/\/maison4tiers.com\/ecrans-solidaires\/en\/"},{"@type":"ListItem","position":2,"name":"Movies","item":"https:\/\/maison4tiers.com\/ecrans-solidaires\/en\/movies\/"},{"@type":"ListItem","position":3,"name":"Adventures in the Land of Asha"}]},{"@type":"WebSite","@id":"https:\/\/maison4tiers.com\/ecrans-solidaires\/en\/#website","url":"https:\/\/maison4tiers.com\/ecrans-solidaires\/en\/","name":"\u00c9crans solidaires","description":"Distribution multiplateforme de films qu\u00e9b\u00e9cois et internationaux","publisher":{"@id":"https:\/\/maison4tiers.com\/ecrans-solidaires\/en\/#organization"},"potentialAction":[{"@type":"SearchAction","target":{"@type":"EntryPoint","urlTemplate":"https:\/\/maison4tiers.com\/ecrans-solidaires\/en\/?s={search_term_string}"},"query-input":{"@type":"PropertyValueSpecification","valueRequired":true,"valueName":"search_term_string"}}],"inLanguage":"en-US"},{"@type":"Organization","@id":"https:\/\/maison4tiers.com\/ecrans-solidaires\/en\/#organization","name":"\u00c9crans solidaires","url":"https:\/\/maison4tiers.com\/ecrans-solidaires\/en\/","logo":{"@type":"ImageObject","inLanguage":"en-US","@id":"https:\/\/maison4tiers.com\/ecrans-solidaires\/en\/#\/schema\/logo\/image\/","url":"https:\/\/maison4tiers.com\/ecrans-solidaires\/wp-content\/uploads\/sites\/76\/2020\/11\/favicon-196.png","contentUrl":"https:\/\/maison4tiers.com\/ecrans-solidaires\/wp-content\/uploads\/sites\/76\/2020\/11\/favicon-196.png","width":196,"height":196,"caption":"\u00c9crans solidaires"},"image":{"@id":"https:\/\/maison4tiers.com\/ecrans-solidaires\/en\/#\/schema\/logo\/image\/"}}]}},"jetpack_sharing_enabled":true,"_links":{"self":[{"href":"https:\/\/maison4tiers.com\/ecrans-solidaires\/en\/wp-json\/wp\/v2\/product\/17225","targetHints":{"allow":["GET"]}}],"collection":[{"href":"https:\/\/maison4tiers.com\/ecrans-solidaires\/en\/wp-json\/wp\/v2\/product"}],"about":[{"href":"https:\/\/maison4tiers.com\/ecrans-solidaires\/en\/wp-json\/wp\/v2\/types\/product"}],"wp:featuredmedia":[{"embeddable":true,"href":"https:\/\/maison4tiers.com\/ecrans-solidaires\/en\/wp-json\/wp\/v2\/media\/17399"}],"wp:attachment":[{"href":"https:\/\/maison4tiers.com\/ecrans-solidaires\/en\/wp-json\/wp\/v2\/media?parent=17225"}],"wp:term":[{"taxonomy":"product_brand","embeddable":true,"href":"https:\/\/maison4tiers.com\/ecrans-solidaires\/en\/wp-json\/wp\/v2\/product_brand?post=17225"},{"taxonomy":"product_cat","embeddable":true,"href":"https:\/\/maison4tiers.com\/ecrans-solidaires\/en\/wp-json\/wp\/v2\/product_cat?post=17225"},{"taxonomy":"product_tag","embeddable":true,"href":"https:\/\/maison4tiers.com\/ecrans-solidaires\/en\/wp-json\/wp\/v2\/product_tag?post=17225"}],"curies":[{"name":"wp","href":"https:\/\/api.w.org\/{rel}","templated":true}]}}