{"id":17086,"date":"2023-08-02T16:27:05","date_gmt":"2023-08-02T20:27:05","guid":{"rendered":"https:\/\/maison4tiers.com\/product\/phi-1-618\/"},"modified":"2023-08-03T18:48:13","modified_gmt":"2023-08-03T22:48:13","slug":"phi-1-618","status":"publish","type":"product","link":"https:\/\/maison4tiers.com\/ecrans-solidaires\/en\/product\/phi-1-618\/","title":{"rendered":"PHI 1.618"},"excerpt":{"rendered":"<h4>NOW AVAILABLE ON DEMAND!<\/h4>\n<p>In a dystopian future, female sex and procreation have become obsolete. Science has created a nation of Bio-Titans, a race of asexual and immortal men. As the Earth becomes toxic, the bio-titans rush to Colonize the cosmos aboard a colossal spaceship, taking with them only one female body kept at life sentence.<\/p>\n<blockquote><p><em>\u00ab Theodore Ushev [&#8230;] signs here his first feature film in live action. The result, between science fiction, &#8220;heroic fantasy&#8221;, &#8220;space opera&#8221; and children&#8217;s tale, is a UFO with a constantly surprising visual and sound richness.\u00bb<br \/>\n<\/em><a href=\"https:\/\/mediafilm.ca\/2021\/phi-1-618\" target=\"_blank\" rel=\"noopener\">\u2605\u2605\u2605\u2605<strong> \u2013 MEDIAFILM<\/strong><\/a><\/p>\n<p><em>\u00ab Theodore Ushev has fun like crazy in Phi 1.618, a first feature film that slams the totalitarianism in place. \u00bb<\/em><br \/>\n<a href=\"https:\/\/www.lapresse.ca\/cinema\/entrevues\/2023-04-28\/phi-1-618\/le-plaisir-de-jouer-de-theodore-ushev.php\" target=\"_blank\" rel=\"noopener\">\u2605\u2605\u2605\u2605<strong> \u2013 LA PRESSE<\/strong><\/a><\/p><\/blockquote>\n<p>&nbsp;<\/p>\n<p><a href=\"https:\/\/maison4tiers.com\/films\/\" target=\"_blank\" rel=\"noopener\"><span style=\"text-decoration: underline;\">Watch other movies<\/span><\/a><\/p>\n<p>*Only available in Canada<\/p>\n<p>&nbsp;<\/p>\n","protected":false},"featured_media":17090,"template":"","meta":{"_acf_changed":false,"_eb_attr":""},"product_brand":[],"product_cat":[143,133,112,130,103,127],"product_tag":[849,850,851,852,853,854,855,856,857,858,859,860,861,862],"class_list":{"0":"post-17086","1":"product","2":"type-product","3":"status-publish","4":"has-post-thumbnail","6":"product_cat-digital","7":"product_cat-allmovies","8":"product_cat-essay-film","9":"product_cat-fiction-en","10":"product_cat-movie","11":"product_cat-reflexion-en","12":"product_tag-bulgarie-en","13":"product_tag-drame-en","14":"product_tag-dystopie-en","15":"product_tag-dystopique-en","16":"product_tag-espace-en","17":"product_tag-etienne-hansez-en","18":"product_tag-femme-en","19":"product_tag-futur-en","20":"product_tag-homme-en","21":"product_tag-phi-1-618-en","22":"product_tag-post-apocalyptique-en","23":"product_tag-punk-en","24":"product_tag-science-fiction-en","25":"product_tag-theodore-ushev-en","27":"first","28":"instock","29":"taxable","30":"shipping-taxable","31":"purchasable","32":"product-type-variable","33":"has-default-attributes"},"acf":[],"yoast_head":"<!-- This site is optimized with the Yoast SEO plugin v27.0 - https:\/\/yoast.com\/product\/yoast-seo-wordpress\/ -->\n<title>PHI 1.618 - \u00c9crans solidaires - Visionnez le film de Theodore Ushev d\u00e8s maintenant ! -<\/title>\n<meta name=\"description\" content=\"PHI 1.618 - Dans un futur dystopique, le sexe f\u00e9minin est devenu obsol\u00e8te. Alors que la Terre devient toxique, les bio-titans partent coloniser le cosmos.\" \/>\n<meta name=\"robots\" content=\"noindex, follow, max-snippet:-1, max-image-preview:large, max-video-preview:-1\" \/>\n<meta property=\"og:locale\" content=\"en_US\" \/>\n<meta property=\"og:type\" content=\"article\" \/>\n<meta property=\"og:title\" content=\"PHI 1.618\" \/>\n<meta property=\"og:description\" content=\"In a dystopian future, female sex and procreation have become obsolete. Science has created a nation ofBio-Titans, a race of asexual and immortal men. As the Earth becomes toxic, the bio-titans rush toColonize the cosmos aboard a colossal spaceship, taking with them only one female body kept atlife sentence.\" \/>\n<meta property=\"og:url\" content=\"https:\/\/maison4tiers.com\/ecrans-solidaires\/en\/product\/phi-1-618\/\" \/>\n<meta property=\"og:site_name\" content=\"\u00c9crans solidaires\" \/>\n<meta property=\"article:modified_time\" content=\"2023-08-03T22:48:13+00:00\" \/>\n<meta property=\"og:image\" content=\"https:\/\/maison4tiers.com\/ecrans-solidaires\/wp-content\/uploads\/sites\/76\/2023\/08\/Phi_poster_WEB_HR-scaled.jpg\" \/>\n\t<meta property=\"og:image:width\" content=\"1772\" \/>\n\t<meta property=\"og:image:height\" content=\"2560\" \/>\n\t<meta property=\"og:image:type\" content=\"image\/jpeg\" \/>\n<meta name=\"twitter:card\" content=\"summary_large_image\" \/>\n<meta name=\"twitter:title\" content=\"PHI 1.618\" \/>\n<meta name=\"twitter:description\" content=\"In a dystopian future, female sex and procreation have become obsolete. Science has created a nation ofBio-Titans, a race of asexual and immortal men. As the Earth becomes toxic, the bio-titans rush toColonize the cosmos aboard a colossal spaceship, taking with them only one female body kept atlife sentence.\" \/>\n<meta name=\"twitter:image\" content=\"https:\/\/maison4tiers.com\/ecrans-solidaires\/wp-content\/uploads\/sites\/76\/2023\/08\/Phi_poster_WEB_HR-scaled.jpg\" \/>\n<script type=\"application\/ld+json\" class=\"yoast-schema-graph\">{\"@context\":\"https:\/\/schema.org\",\"@graph\":[{\"@type\":\"WebPage\",\"@id\":\"https:\/\/maison4tiers.com\/ecrans-solidaires\/en\/product\/phi-1-618\/\",\"url\":\"https:\/\/maison4tiers.com\/ecrans-solidaires\/en\/product\/phi-1-618\/\",\"name\":\"PHI 1.618 - \u00c9crans solidaires - Visionnez le film de Theodore Ushev d\u00e8s maintenant ! -\",\"isPartOf\":{\"@id\":\"https:\/\/maison4tiers.com\/ecrans-solidaires\/en\/#website\"},\"primaryImageOfPage\":{\"@id\":\"https:\/\/maison4tiers.com\/ecrans-solidaires\/en\/product\/phi-1-618\/#primaryimage\"},\"image\":{\"@id\":\"https:\/\/maison4tiers.com\/ecrans-solidaires\/en\/product\/phi-1-618\/#primaryimage\"},\"thumbnailUrl\":\"https:\/\/maison4tiers.com\/ecrans-solidaires\/wp-content\/uploads\/sites\/76\/2023\/08\/Phi_poster_WEB_HR-scaled.jpg\",\"datePublished\":\"2023-08-02T20:27:05+00:00\",\"dateModified\":\"2023-08-03T22:48:13+00:00\",\"description\":\"PHI 1.618 - Dans un futur dystopique, le sexe f\u00e9minin est devenu obsol\u00e8te. Alors que la Terre devient toxique, les bio-titans partent coloniser le cosmos.\",\"breadcrumb\":{\"@id\":\"https:\/\/maison4tiers.com\/ecrans-solidaires\/en\/product\/phi-1-618\/#breadcrumb\"},\"inLanguage\":\"en-US\",\"potentialAction\":[{\"@type\":\"ReadAction\",\"target\":[\"https:\/\/maison4tiers.com\/ecrans-solidaires\/en\/product\/phi-1-618\/\"]}]},{\"@type\":\"ImageObject\",\"inLanguage\":\"en-US\",\"@id\":\"https:\/\/maison4tiers.com\/ecrans-solidaires\/en\/product\/phi-1-618\/#primaryimage\",\"url\":\"https:\/\/maison4tiers.com\/ecrans-solidaires\/wp-content\/uploads\/sites\/76\/2023\/08\/Phi_poster_WEB_HR-scaled.jpg\",\"contentUrl\":\"https:\/\/maison4tiers.com\/ecrans-solidaires\/wp-content\/uploads\/sites\/76\/2023\/08\/Phi_poster_WEB_HR-scaled.jpg\",\"width\":1772,\"height\":2560},{\"@type\":\"BreadcrumbList\",\"@id\":\"https:\/\/maison4tiers.com\/ecrans-solidaires\/en\/product\/phi-1-618\/#breadcrumb\",\"itemListElement\":[{\"@type\":\"ListItem\",\"position\":1,\"name\":\"Home\",\"item\":\"https:\/\/maison4tiers.com\/ecrans-solidaires\/en\/\"},{\"@type\":\"ListItem\",\"position\":2,\"name\":\"Movies\",\"item\":\"https:\/\/maison4tiers.com\/ecrans-solidaires\/en\/movies\/\"},{\"@type\":\"ListItem\",\"position\":3,\"name\":\"PHI 1.618\"}]},{\"@type\":\"WebSite\",\"@id\":\"https:\/\/maison4tiers.com\/ecrans-solidaires\/en\/#website\",\"url\":\"https:\/\/maison4tiers.com\/ecrans-solidaires\/en\/\",\"name\":\"\u00c9crans solidaires\",\"description\":\"Distribution multiplateforme de films qu\u00e9b\u00e9cois et internationaux\",\"publisher\":{\"@id\":\"https:\/\/maison4tiers.com\/ecrans-solidaires\/en\/#organization\"},\"potentialAction\":[{\"@type\":\"SearchAction\",\"target\":{\"@type\":\"EntryPoint\",\"urlTemplate\":\"https:\/\/maison4tiers.com\/ecrans-solidaires\/en\/?s={search_term_string}\"},\"query-input\":{\"@type\":\"PropertyValueSpecification\",\"valueRequired\":true,\"valueName\":\"search_term_string\"}}],\"inLanguage\":\"en-US\"},{\"@type\":\"Organization\",\"@id\":\"https:\/\/maison4tiers.com\/ecrans-solidaires\/en\/#organization\",\"name\":\"\u00c9crans solidaires\",\"url\":\"https:\/\/maison4tiers.com\/ecrans-solidaires\/en\/\",\"logo\":{\"@type\":\"ImageObject\",\"inLanguage\":\"en-US\",\"@id\":\"https:\/\/maison4tiers.com\/ecrans-solidaires\/en\/#\/schema\/logo\/image\/\",\"url\":\"https:\/\/maison4tiers.com\/ecrans-solidaires\/wp-content\/uploads\/sites\/76\/2020\/11\/favicon-196.png\",\"contentUrl\":\"https:\/\/maison4tiers.com\/ecrans-solidaires\/wp-content\/uploads\/sites\/76\/2020\/11\/favicon-196.png\",\"width\":196,\"height\":196,\"caption\":\"\u00c9crans solidaires\"},\"image\":{\"@id\":\"https:\/\/maison4tiers.com\/ecrans-solidaires\/en\/#\/schema\/logo\/image\/\"}}]}<\/script>\n<!-- \/ Yoast SEO plugin. -->","yoast_head_json":{"title":"PHI 1.618 - \u00c9crans solidaires - Visionnez le film de Theodore Ushev d\u00e8s maintenant ! -","description":"PHI 1.618 - Dans un futur dystopique, le sexe f\u00e9minin est devenu obsol\u00e8te. Alors que la Terre devient toxique, les bio-titans partent coloniser le cosmos.","robots":{"index":"noindex","follow":"follow","max-snippet":"max-snippet:-1","max-image-preview":"max-image-preview:large","max-video-preview":"max-video-preview:-1"},"og_locale":"en_US","og_type":"article","og_title":"PHI 1.618","og_description":"In a dystopian future, female sex and procreation have become obsolete. Science has created a nation ofBio-Titans, a race of asexual and immortal men. As the Earth becomes toxic, the bio-titans rush toColonize the cosmos aboard a colossal spaceship, taking with them only one female body kept atlife sentence.","og_url":"https:\/\/maison4tiers.com\/ecrans-solidaires\/en\/product\/phi-1-618\/","og_site_name":"\u00c9crans solidaires","article_modified_time":"2023-08-03T22:48:13+00:00","og_image":[{"width":1772,"height":2560,"url":"https:\/\/maison4tiers.com\/ecrans-solidaires\/wp-content\/uploads\/sites\/76\/2023\/08\/Phi_poster_WEB_HR-scaled.jpg","type":"image\/jpeg"}],"twitter_card":"summary_large_image","twitter_title":"PHI 1.618","twitter_description":"In a dystopian future, female sex and procreation have become obsolete. Science has created a nation ofBio-Titans, a race of asexual and immortal men. As the Earth becomes toxic, the bio-titans rush toColonize the cosmos aboard a colossal spaceship, taking with them only one female body kept atlife sentence.","twitter_image":"https:\/\/maison4tiers.com\/ecrans-solidaires\/wp-content\/uploads\/sites\/76\/2023\/08\/Phi_poster_WEB_HR-scaled.jpg","schema":{"@context":"https:\/\/schema.org","@graph":[{"@type":"WebPage","@id":"https:\/\/maison4tiers.com\/ecrans-solidaires\/en\/product\/phi-1-618\/","url":"https:\/\/maison4tiers.com\/ecrans-solidaires\/en\/product\/phi-1-618\/","name":"PHI 1.618 - \u00c9crans solidaires - Visionnez le film de Theodore Ushev d\u00e8s maintenant ! -","isPartOf":{"@id":"https:\/\/maison4tiers.com\/ecrans-solidaires\/en\/#website"},"primaryImageOfPage":{"@id":"https:\/\/maison4tiers.com\/ecrans-solidaires\/en\/product\/phi-1-618\/#primaryimage"},"image":{"@id":"https:\/\/maison4tiers.com\/ecrans-solidaires\/en\/product\/phi-1-618\/#primaryimage"},"thumbnailUrl":"https:\/\/maison4tiers.com\/ecrans-solidaires\/wp-content\/uploads\/sites\/76\/2023\/08\/Phi_poster_WEB_HR-scaled.jpg","datePublished":"2023-08-02T20:27:05+00:00","dateModified":"2023-08-03T22:48:13+00:00","description":"PHI 1.618 - Dans un futur dystopique, le sexe f\u00e9minin est devenu obsol\u00e8te. Alors que la Terre devient toxique, les bio-titans partent coloniser le cosmos.","breadcrumb":{"@id":"https:\/\/maison4tiers.com\/ecrans-solidaires\/en\/product\/phi-1-618\/#breadcrumb"},"inLanguage":"en-US","potentialAction":[{"@type":"ReadAction","target":["https:\/\/maison4tiers.com\/ecrans-solidaires\/en\/product\/phi-1-618\/"]}]},{"@type":"ImageObject","inLanguage":"en-US","@id":"https:\/\/maison4tiers.com\/ecrans-solidaires\/en\/product\/phi-1-618\/#primaryimage","url":"https:\/\/maison4tiers.com\/ecrans-solidaires\/wp-content\/uploads\/sites\/76\/2023\/08\/Phi_poster_WEB_HR-scaled.jpg","contentUrl":"https:\/\/maison4tiers.com\/ecrans-solidaires\/wp-content\/uploads\/sites\/76\/2023\/08\/Phi_poster_WEB_HR-scaled.jpg","width":1772,"height":2560},{"@type":"BreadcrumbList","@id":"https:\/\/maison4tiers.com\/ecrans-solidaires\/en\/product\/phi-1-618\/#breadcrumb","itemListElement":[{"@type":"ListItem","position":1,"name":"Home","item":"https:\/\/maison4tiers.com\/ecrans-solidaires\/en\/"},{"@type":"ListItem","position":2,"name":"Movies","item":"https:\/\/maison4tiers.com\/ecrans-solidaires\/en\/movies\/"},{"@type":"ListItem","position":3,"name":"PHI 1.618"}]},{"@type":"WebSite","@id":"https:\/\/maison4tiers.com\/ecrans-solidaires\/en\/#website","url":"https:\/\/maison4tiers.com\/ecrans-solidaires\/en\/","name":"\u00c9crans solidaires","description":"Distribution multiplateforme de films qu\u00e9b\u00e9cois et internationaux","publisher":{"@id":"https:\/\/maison4tiers.com\/ecrans-solidaires\/en\/#organization"},"potentialAction":[{"@type":"SearchAction","target":{"@type":"EntryPoint","urlTemplate":"https:\/\/maison4tiers.com\/ecrans-solidaires\/en\/?s={search_term_string}"},"query-input":{"@type":"PropertyValueSpecification","valueRequired":true,"valueName":"search_term_string"}}],"inLanguage":"en-US"},{"@type":"Organization","@id":"https:\/\/maison4tiers.com\/ecrans-solidaires\/en\/#organization","name":"\u00c9crans solidaires","url":"https:\/\/maison4tiers.com\/ecrans-solidaires\/en\/","logo":{"@type":"ImageObject","inLanguage":"en-US","@id":"https:\/\/maison4tiers.com\/ecrans-solidaires\/en\/#\/schema\/logo\/image\/","url":"https:\/\/maison4tiers.com\/ecrans-solidaires\/wp-content\/uploads\/sites\/76\/2020\/11\/favicon-196.png","contentUrl":"https:\/\/maison4tiers.com\/ecrans-solidaires\/wp-content\/uploads\/sites\/76\/2020\/11\/favicon-196.png","width":196,"height":196,"caption":"\u00c9crans solidaires"},"image":{"@id":"https:\/\/maison4tiers.com\/ecrans-solidaires\/en\/#\/schema\/logo\/image\/"}}]}},"jetpack_sharing_enabled":true,"_links":{"self":[{"href":"https:\/\/maison4tiers.com\/ecrans-solidaires\/en\/wp-json\/wp\/v2\/product\/17086","targetHints":{"allow":["GET"]}}],"collection":[{"href":"https:\/\/maison4tiers.com\/ecrans-solidaires\/en\/wp-json\/wp\/v2\/product"}],"about":[{"href":"https:\/\/maison4tiers.com\/ecrans-solidaires\/en\/wp-json\/wp\/v2\/types\/product"}],"wp:featuredmedia":[{"embeddable":true,"href":"https:\/\/maison4tiers.com\/ecrans-solidaires\/en\/wp-json\/wp\/v2\/media\/17090"}],"wp:attachment":[{"href":"https:\/\/maison4tiers.com\/ecrans-solidaires\/en\/wp-json\/wp\/v2\/media?parent=17086"}],"wp:term":[{"taxonomy":"product_brand","embeddable":true,"href":"https:\/\/maison4tiers.com\/ecrans-solidaires\/en\/wp-json\/wp\/v2\/product_brand?post=17086"},{"taxonomy":"product_cat","embeddable":true,"href":"https:\/\/maison4tiers.com\/ecrans-solidaires\/en\/wp-json\/wp\/v2\/product_cat?post=17086"},{"taxonomy":"product_tag","embeddable":true,"href":"https:\/\/maison4tiers.com\/ecrans-solidaires\/en\/wp-json\/wp\/v2\/product_tag?post=17086"}],"curies":[{"name":"wp","href":"https:\/\/api.w.org\/{rel}","templated":true}]}}