{"id":16574,"date":"2022-10-23T08:18:14","date_gmt":"2023-07-20T20:22:04","guid":{"rendered":"https:\/\/maison4tiers.com\/?post_type=product&#038;p=16574"},"modified":"2023-07-20T16:25:25","modified_gmt":"2023-07-20T20:25:25","slug":"dounia-and-the-princess-of-aleppo","status":"publish","type":"product","link":"https:\/\/maison4tiers.com\/ecrans-solidaires\/en\/product\/dounia-and-the-princess-of-aleppo\/","title":{"rendered":"DOUNIA and the Princess of Aleppo"},"excerpt":{"rendered":"<h4><strong>NOW AVAILABLE ON DEMAND!<\/strong><\/h4>\n<p>Dounia was six years old when she left Aleppo with her grandparents and a few nigella seeds in her pockets. With the help of the Princess of Aleppo, Dounia makes a landmark journey to a whole new world&#8230; The path is strewn with obstacles, but Dounia will find courage and optimism in the love of her family, her grandmother&#8217;s recipes and the princess&#8217; winks!<\/p>\n<blockquote><p>\u00a0 <em>\u00ab Brilliant with tenderness and creativity, Dounia and the Princess of Aleppo lives and gently brings hope to life. \u00bb<\/em><\/p>\n<p><a href=\"https:\/\/www.avoir-alire.com\/dounia-et-la-princesse-d-alep-marya-zarif-andre-kadi-critique\" target=\"_blank\" rel=\"noopener\">\u2605\u2605\u2605\u2605<strong> \u2013 \u00c0 VOIR \u00c0 LIRE<\/strong><\/a><\/p>\n<p><em>\u00ab A poetic story and despite the seriousness of the subject, treated with humor and optimism. The drawings are magnificent and the character of Dounia, a cute and touching granddaughter, is particularly successful.<span style=\"font-weight: 400;\">\u00a0<\/span>\u00bb<\/em><\/p>\n<p><a href=\"https:\/\/www.avoir-alire.com\/dounia-et-la-princesse-d-alep-marya-zarif-andre-kadi-critique\" target=\"_blank\" rel=\"noopener\">\u2605\u2605\u2605\u2605<strong> \u2013 LE PARISIEN<\/strong><\/a><\/p>\n<p><em>\u00ab A sensitive and moving animated film about the fate of a young Syrian migrant. \u00bb<\/em><\/p>\n<p><a href=\"https:\/\/ici.radio-canada.ca\/tele\/cinema\/blogue\/1974446\/guerre-enfance-syrie-migration-poesie\" target=\"_blank\" rel=\"noopener\"><strong>\u2013 RADIO-CANADA<\/strong><\/a><\/p>\n<p><em>\u00ab <span style=\"font-weight: 400;\"> A luminous and poetic film, which speaks of resilience, solidarity and the importance of our roots. <\/span>\u00bb <\/em><\/p>\n<p><a href=\"https:\/\/www.journaldemontreal.com\/2023\/04\/27\/dounia-et-la-princesse-dalep-superbe-conte-sur-la-guerre-et-lexil\" target=\"_blank\" rel=\"noopener\"><strong>\u00a0\u2013 LE JOURNAL DE MONTR\u00c9AL<\/strong><\/a><\/p>\n<p><span style=\"text-decoration: underline;\"><a href=\"https:\/\/maison4tiers.com\/categorie-produit\/film\/animation\/\" target=\"_blank\" rel=\"noopener\">See other animation movies<\/a><\/span><\/p><\/blockquote>\n<p>*Only available in Canada<\/p>\n","protected":false},"featured_media":8838,"template":"","meta":{"_acf_changed":false,"_eb_attr":""},"product_brand":[],"product_cat":[139,143,137,133,114,124,103,126,127,128],"product_tag":[699,822,698,697,724,498,695,500,1052],"class_list":{"0":"post-16574","1":"product","2":"type-product","3":"status-publish","4":"has-post-thumbnail","6":"product_cat-bluray-en","7":"product_cat-digital","8":"product_cat-dvd-en","9":"product_cat-allmovies","10":"product_cat-animation-en","11":"product_cat-family","12":"product_cat-movie","13":"product_cat-quebec-movie","14":"product_cat-reflexion-en","15":"product_cat-society","16":"product_tag-animation-en","17":"product_tag-dessin-en","18":"product_tag-enfant-en","19":"product_tag-enfants-en","20":"product_tag-famille-en","21":"product_tag-guerre-en","22":"product_tag-quebec-en","23":"product_tag-syrie-en","24":"product_tag-voyage-en","26":"first","27":"instock","28":"taxable","29":"shipping-taxable","30":"purchasable","31":"product-type-variable","32":"has-default-attributes"},"acf":[],"yoast_head":"<!-- This site is optimized with the Yoast SEO plugin v27.0 - https:\/\/yoast.com\/product\/yoast-seo-wordpress\/ -->\n<title>DOUNIA and the Princess of Aleppo - \u00c9crans solidaires - Movie - See it now!<\/title>\n<meta name=\"description\" content=\"\u00c9crans Solidaires is a 100% Quebec independent film distribution company offering a variety of quality Quebec and international feature films.\" \/>\n<meta name=\"robots\" content=\"noindex, follow, max-snippet:-1, max-image-preview:large, max-video-preview:-1\" \/>\n<meta property=\"og:locale\" content=\"en_US\" \/>\n<meta property=\"og:type\" content=\"article\" \/>\n<meta property=\"og:title\" content=\"DOUNIA and the Princess of Aleppo - \u00c9crans solidaires - Movie - See it now!\" \/>\n<meta property=\"og:description\" content=\"\u00c9crans Solidaires is a 100% Quebec independent film distribution company offering a variety of quality Quebec and international feature films.\" \/>\n<meta property=\"og:url\" content=\"https:\/\/maison4tiers.com\/ecrans-solidaires\/en\/product\/dounia-and-the-princess-of-aleppo\/\" \/>\n<meta property=\"og:site_name\" content=\"\u00c9crans solidaires\" \/>\n<meta property=\"article:modified_time\" content=\"2023-07-20T20:25:25+00:00\" \/>\n<meta property=\"og:image\" content=\"https:\/\/maison4tiers.com\/ecrans-solidaires\/wp-content\/uploads\/sites\/76\/2022\/10\/Dounia_affiche_WEB_BIENTOT-scaled.jpg\" \/>\n\t<meta property=\"og:image:width\" content=\"1772\" \/>\n\t<meta property=\"og:image:height\" content=\"2560\" \/>\n\t<meta property=\"og:image:type\" content=\"image\/jpeg\" \/>\n<meta name=\"twitter:card\" content=\"summary_large_image\" \/>\n<script type=\"application\/ld+json\" class=\"yoast-schema-graph\">{\"@context\":\"https:\/\/schema.org\",\"@graph\":[{\"@type\":\"WebPage\",\"@id\":\"https:\/\/maison4tiers.com\/ecrans-solidaires\/en\/product\/dounia-and-the-princess-of-aleppo\/\",\"url\":\"https:\/\/maison4tiers.com\/ecrans-solidaires\/en\/product\/dounia-and-the-princess-of-aleppo\/\",\"name\":\"DOUNIA and the Princess of Aleppo - \u00c9crans solidaires - Movie - See it now!\",\"isPartOf\":{\"@id\":\"https:\/\/maison4tiers.com\/ecrans-solidaires\/en\/#website\"},\"primaryImageOfPage\":{\"@id\":\"https:\/\/maison4tiers.com\/ecrans-solidaires\/en\/product\/dounia-and-the-princess-of-aleppo\/#primaryimage\"},\"image\":{\"@id\":\"https:\/\/maison4tiers.com\/ecrans-solidaires\/en\/product\/dounia-and-the-princess-of-aleppo\/#primaryimage\"},\"thumbnailUrl\":\"https:\/\/maison4tiers.com\/ecrans-solidaires\/wp-content\/uploads\/sites\/76\/2022\/10\/Dounia_affiche_WEB_BIENTOT-scaled.jpg\",\"datePublished\":\"2023-07-20T20:22:04+00:00\",\"dateModified\":\"2023-07-20T20:25:25+00:00\",\"description\":\"\u00c9crans Solidaires is a 100% Quebec independent film distribution company offering a variety of quality Quebec and international feature films.\",\"breadcrumb\":{\"@id\":\"https:\/\/maison4tiers.com\/ecrans-solidaires\/en\/product\/dounia-and-the-princess-of-aleppo\/#breadcrumb\"},\"inLanguage\":\"en-US\",\"potentialAction\":[{\"@type\":\"ReadAction\",\"target\":[\"https:\/\/maison4tiers.com\/ecrans-solidaires\/en\/product\/dounia-and-the-princess-of-aleppo\/\"]}]},{\"@type\":\"ImageObject\",\"inLanguage\":\"en-US\",\"@id\":\"https:\/\/maison4tiers.com\/ecrans-solidaires\/en\/product\/dounia-and-the-princess-of-aleppo\/#primaryimage\",\"url\":\"https:\/\/maison4tiers.com\/ecrans-solidaires\/wp-content\/uploads\/sites\/76\/2022\/10\/Dounia_affiche_WEB_BIENTOT-scaled.jpg\",\"contentUrl\":\"https:\/\/maison4tiers.com\/ecrans-solidaires\/wp-content\/uploads\/sites\/76\/2022\/10\/Dounia_affiche_WEB_BIENTOT-scaled.jpg\",\"width\":1772,\"height\":2560,\"caption\":\"Dounia\"},{\"@type\":\"BreadcrumbList\",\"@id\":\"https:\/\/maison4tiers.com\/ecrans-solidaires\/en\/product\/dounia-and-the-princess-of-aleppo\/#breadcrumb\",\"itemListElement\":[{\"@type\":\"ListItem\",\"position\":1,\"name\":\"Home\",\"item\":\"https:\/\/maison4tiers.com\/ecrans-solidaires\/en\/\"},{\"@type\":\"ListItem\",\"position\":2,\"name\":\"Movies\",\"item\":\"https:\/\/maison4tiers.com\/ecrans-solidaires\/en\/movies\/\"},{\"@type\":\"ListItem\",\"position\":3,\"name\":\"DOUNIA and the Princess of Aleppo\"}]},{\"@type\":\"WebSite\",\"@id\":\"https:\/\/maison4tiers.com\/ecrans-solidaires\/en\/#website\",\"url\":\"https:\/\/maison4tiers.com\/ecrans-solidaires\/en\/\",\"name\":\"\u00c9crans solidaires\",\"description\":\"Distribution multiplateforme de films qu\u00e9b\u00e9cois et internationaux\",\"publisher\":{\"@id\":\"https:\/\/maison4tiers.com\/ecrans-solidaires\/en\/#organization\"},\"potentialAction\":[{\"@type\":\"SearchAction\",\"target\":{\"@type\":\"EntryPoint\",\"urlTemplate\":\"https:\/\/maison4tiers.com\/ecrans-solidaires\/en\/?s={search_term_string}\"},\"query-input\":{\"@type\":\"PropertyValueSpecification\",\"valueRequired\":true,\"valueName\":\"search_term_string\"}}],\"inLanguage\":\"en-US\"},{\"@type\":\"Organization\",\"@id\":\"https:\/\/maison4tiers.com\/ecrans-solidaires\/en\/#organization\",\"name\":\"\u00c9crans solidaires\",\"url\":\"https:\/\/maison4tiers.com\/ecrans-solidaires\/en\/\",\"logo\":{\"@type\":\"ImageObject\",\"inLanguage\":\"en-US\",\"@id\":\"https:\/\/maison4tiers.com\/ecrans-solidaires\/en\/#\/schema\/logo\/image\/\",\"url\":\"https:\/\/maison4tiers.com\/ecrans-solidaires\/wp-content\/uploads\/sites\/76\/2020\/11\/favicon-196.png\",\"contentUrl\":\"https:\/\/maison4tiers.com\/ecrans-solidaires\/wp-content\/uploads\/sites\/76\/2020\/11\/favicon-196.png\",\"width\":196,\"height\":196,\"caption\":\"\u00c9crans solidaires\"},\"image\":{\"@id\":\"https:\/\/maison4tiers.com\/ecrans-solidaires\/en\/#\/schema\/logo\/image\/\"}}]}<\/script>\n<!-- \/ Yoast SEO plugin. -->","yoast_head_json":{"title":"DOUNIA and the Princess of Aleppo - \u00c9crans solidaires - Movie - See it now!","description":"\u00c9crans Solidaires is a 100% Quebec independent film distribution company offering a variety of quality Quebec and international feature films.","robots":{"index":"noindex","follow":"follow","max-snippet":"max-snippet:-1","max-image-preview":"max-image-preview:large","max-video-preview":"max-video-preview:-1"},"og_locale":"en_US","og_type":"article","og_title":"DOUNIA and the Princess of Aleppo - \u00c9crans solidaires - Movie - See it now!","og_description":"\u00c9crans Solidaires is a 100% Quebec independent film distribution company offering a variety of quality Quebec and international feature films.","og_url":"https:\/\/maison4tiers.com\/ecrans-solidaires\/en\/product\/dounia-and-the-princess-of-aleppo\/","og_site_name":"\u00c9crans solidaires","article_modified_time":"2023-07-20T20:25:25+00:00","og_image":[{"width":1772,"height":2560,"url":"https:\/\/maison4tiers.com\/ecrans-solidaires\/wp-content\/uploads\/sites\/76\/2022\/10\/Dounia_affiche_WEB_BIENTOT-scaled.jpg","type":"image\/jpeg"}],"twitter_card":"summary_large_image","schema":{"@context":"https:\/\/schema.org","@graph":[{"@type":"WebPage","@id":"https:\/\/maison4tiers.com\/ecrans-solidaires\/en\/product\/dounia-and-the-princess-of-aleppo\/","url":"https:\/\/maison4tiers.com\/ecrans-solidaires\/en\/product\/dounia-and-the-princess-of-aleppo\/","name":"DOUNIA and the Princess of Aleppo - \u00c9crans solidaires - Movie - See it now!","isPartOf":{"@id":"https:\/\/maison4tiers.com\/ecrans-solidaires\/en\/#website"},"primaryImageOfPage":{"@id":"https:\/\/maison4tiers.com\/ecrans-solidaires\/en\/product\/dounia-and-the-princess-of-aleppo\/#primaryimage"},"image":{"@id":"https:\/\/maison4tiers.com\/ecrans-solidaires\/en\/product\/dounia-and-the-princess-of-aleppo\/#primaryimage"},"thumbnailUrl":"https:\/\/maison4tiers.com\/ecrans-solidaires\/wp-content\/uploads\/sites\/76\/2022\/10\/Dounia_affiche_WEB_BIENTOT-scaled.jpg","datePublished":"2023-07-20T20:22:04+00:00","dateModified":"2023-07-20T20:25:25+00:00","description":"\u00c9crans Solidaires is a 100% Quebec independent film distribution company offering a variety of quality Quebec and international feature films.","breadcrumb":{"@id":"https:\/\/maison4tiers.com\/ecrans-solidaires\/en\/product\/dounia-and-the-princess-of-aleppo\/#breadcrumb"},"inLanguage":"en-US","potentialAction":[{"@type":"ReadAction","target":["https:\/\/maison4tiers.com\/ecrans-solidaires\/en\/product\/dounia-and-the-princess-of-aleppo\/"]}]},{"@type":"ImageObject","inLanguage":"en-US","@id":"https:\/\/maison4tiers.com\/ecrans-solidaires\/en\/product\/dounia-and-the-princess-of-aleppo\/#primaryimage","url":"https:\/\/maison4tiers.com\/ecrans-solidaires\/wp-content\/uploads\/sites\/76\/2022\/10\/Dounia_affiche_WEB_BIENTOT-scaled.jpg","contentUrl":"https:\/\/maison4tiers.com\/ecrans-solidaires\/wp-content\/uploads\/sites\/76\/2022\/10\/Dounia_affiche_WEB_BIENTOT-scaled.jpg","width":1772,"height":2560,"caption":"Dounia"},{"@type":"BreadcrumbList","@id":"https:\/\/maison4tiers.com\/ecrans-solidaires\/en\/product\/dounia-and-the-princess-of-aleppo\/#breadcrumb","itemListElement":[{"@type":"ListItem","position":1,"name":"Home","item":"https:\/\/maison4tiers.com\/ecrans-solidaires\/en\/"},{"@type":"ListItem","position":2,"name":"Movies","item":"https:\/\/maison4tiers.com\/ecrans-solidaires\/en\/movies\/"},{"@type":"ListItem","position":3,"name":"DOUNIA and the Princess of Aleppo"}]},{"@type":"WebSite","@id":"https:\/\/maison4tiers.com\/ecrans-solidaires\/en\/#website","url":"https:\/\/maison4tiers.com\/ecrans-solidaires\/en\/","name":"\u00c9crans solidaires","description":"Distribution multiplateforme de films qu\u00e9b\u00e9cois et internationaux","publisher":{"@id":"https:\/\/maison4tiers.com\/ecrans-solidaires\/en\/#organization"},"potentialAction":[{"@type":"SearchAction","target":{"@type":"EntryPoint","urlTemplate":"https:\/\/maison4tiers.com\/ecrans-solidaires\/en\/?s={search_term_string}"},"query-input":{"@type":"PropertyValueSpecification","valueRequired":true,"valueName":"search_term_string"}}],"inLanguage":"en-US"},{"@type":"Organization","@id":"https:\/\/maison4tiers.com\/ecrans-solidaires\/en\/#organization","name":"\u00c9crans solidaires","url":"https:\/\/maison4tiers.com\/ecrans-solidaires\/en\/","logo":{"@type":"ImageObject","inLanguage":"en-US","@id":"https:\/\/maison4tiers.com\/ecrans-solidaires\/en\/#\/schema\/logo\/image\/","url":"https:\/\/maison4tiers.com\/ecrans-solidaires\/wp-content\/uploads\/sites\/76\/2020\/11\/favicon-196.png","contentUrl":"https:\/\/maison4tiers.com\/ecrans-solidaires\/wp-content\/uploads\/sites\/76\/2020\/11\/favicon-196.png","width":196,"height":196,"caption":"\u00c9crans solidaires"},"image":{"@id":"https:\/\/maison4tiers.com\/ecrans-solidaires\/en\/#\/schema\/logo\/image\/"}}]}},"jetpack_sharing_enabled":true,"_links":{"self":[{"href":"https:\/\/maison4tiers.com\/ecrans-solidaires\/en\/wp-json\/wp\/v2\/product\/16574","targetHints":{"allow":["GET"]}}],"collection":[{"href":"https:\/\/maison4tiers.com\/ecrans-solidaires\/en\/wp-json\/wp\/v2\/product"}],"about":[{"href":"https:\/\/maison4tiers.com\/ecrans-solidaires\/en\/wp-json\/wp\/v2\/types\/product"}],"wp:featuredmedia":[{"embeddable":true,"href":"https:\/\/maison4tiers.com\/ecrans-solidaires\/en\/wp-json\/wp\/v2\/media\/8838"}],"wp:attachment":[{"href":"https:\/\/maison4tiers.com\/ecrans-solidaires\/en\/wp-json\/wp\/v2\/media?parent=16574"}],"wp:term":[{"taxonomy":"product_brand","embeddable":true,"href":"https:\/\/maison4tiers.com\/ecrans-solidaires\/en\/wp-json\/wp\/v2\/product_brand?post=16574"},{"taxonomy":"product_cat","embeddable":true,"href":"https:\/\/maison4tiers.com\/ecrans-solidaires\/en\/wp-json\/wp\/v2\/product_cat?post=16574"},{"taxonomy":"product_tag","embeddable":true,"href":"https:\/\/maison4tiers.com\/ecrans-solidaires\/en\/wp-json\/wp\/v2\/product_tag?post=16574"}],"curies":[{"name":"wp","href":"https:\/\/api.w.org\/{rel}","templated":true}]}}