{"id":15762,"date":"2023-06-20T11:55:00","date_gmt":"2023-06-20T20:36:36","guid":{"rendered":"https:\/\/maison4tiers.com\/?post_type=product&#038;p=15762"},"modified":"2023-07-11T10:32:50","modified_gmt":"2023-07-11T14:32:50","slug":"saules-aveugles-femme-endormie","status":"publish","type":"product","link":"https:\/\/maison4tiers.com\/ecrans-solidaires\/en\/product\/saules-aveugles-femme-endormie\/","title":{"rendered":"Blind Willow, Sleeping Woman"},"excerpt":{"rendered":"<h4><strong>NOW AVAILABLE ON DEMAND!<\/strong><\/h4>\n<p>A lost cat, a giant talkative frog, and a tsunami help an unambitious sales associate, his frustrated wife, and a schizophrenic accountant save Tokyo from an earthquake and restore meaning to their lives.<\/p>\n<p>Adapted from Haruki Murakami&#8217;s eponymous work, the film is the proud recipient of the Grand Prix, not only at Anima, but also at Niigata in Japan.<\/p>\n<blockquote><p><em>\u00abEntertainment happily combining realism and fantasy. Sometimes confusing story, rich in philosophical lessons.<\/em><em>\u00bb<br \/>\n<\/em><a href=\"https:\/\/mediafilm.ca\/2022\/saules-aveugles-femme-endormie\" target=\"_blank\" rel=\"noopener\">\u2605\u2605\u2605\u2605<strong>\u00a0\u2013 MEDIAFILM<\/strong><\/a><\/p>\n<p><em>\u00abPierre F\u00f6ldes succeeds hands down in his bet to adapt Haruki Murakami while remaining himself.\u00bb<\/em><br \/>\n<a href=\"https:\/\/cineuropa.org\/fr\/newsdetail\/426887\/\" target=\"_blank\" rel=\"noopener\"><strong>\u00a0\u2013 CINEEUROPA<\/strong><\/a><\/p>\n<p><em><span style=\"font-weight: 400;\">\u00abThis first feature film by Pierre F\u00f6ldes is the ideal child of poetry and humor. A wonder.<\/span>\u00bb<\/em><\/p>\n<p><a href=\"https:\/\/www.cinemateaser.com\/2022\/06\/77976-annecy-2022-saules-aveugles-femme-endormie-critique\" target=\"_blank\" rel=\"noopener\"><strong>\u00a0\u2013 CIN\u00c9MA TEASER<\/strong><\/a><\/p><\/blockquote>\n<p>&nbsp;<\/p>\n<p><a href=\"https:\/\/maison4tiers.com\/en\/product-category\/movie\/animation-en\/\" target=\"_blank\" rel=\"noopener\"><span style=\"text-decoration: underline;\">See other animation movie<\/span><\/a><\/p>\n<p>*Disponible au Canada seulement<\/p>\n","protected":false},"featured_media":15761,"template":"","meta":{"_acf_changed":false,"_eb_attr":""},"product_brand":[],"product_cat":[133,114,108,106,130,103,127,128],"product_tag":[699,829,830,831,822,823,827,821,824,820,828,819,825,817,818,826],"class_list":{"0":"post-15762","1":"product","2":"type-product","3":"status-publish","4":"has-post-thumbnail","6":"product_cat-allmovies","7":"product_cat-animation-en","8":"product_cat-comedy","9":"product_cat-drama","10":"product_cat-fiction-en","11":"product_cat-movie","12":"product_cat-reflexion-en","13":"product_cat-society","14":"product_tag-animation-en","15":"product_tag-art-en","16":"product_tag-artistique-en","17":"product_tag-contemporain-en","18":"product_tag-dessin-en","19":"product_tag-dessins-en","20":"product_tag-experimental-en","21":"product_tag-fukushima-en","22":"product_tag-grenouille-en","23":"product_tag-japon-en","24":"product_tag-orchestre-en","25":"product_tag-pierre-folde-en","26":"product_tag-poisson-en","27":"product_tag-saule-en","28":"product_tag-saule-aveugle-femme-endormie-en","29":"product_tag-schizophrenie-en","31":"first","32":"instock","33":"taxable","34":"shipping-taxable","35":"purchasable","36":"product-type-variable","37":"has-default-attributes"},"acf":[],"yoast_head":"<!-- This site is optimized with the Yoast SEO plugin v27.0 - https:\/\/yoast.com\/product\/yoast-seo-wordpress\/ -->\n<title>Blind Willow, Sleeping Woman - \u00c9crans solidaires - See the movie! -<\/title>\n<meta name=\"description\" content=\"\u00c9crans Solidaires is an independent 100% Quebec movie distribution company offering a variety of quality Quebec and international films.\" \/>\n<meta name=\"robots\" content=\"noindex, follow, max-snippet:-1, max-image-preview:large, max-video-preview:-1\" \/>\n<meta property=\"og:locale\" content=\"en_US\" \/>\n<meta property=\"og:type\" content=\"article\" \/>\n<meta property=\"og:title\" content=\"Blind Willow, Sleeping Woman - \u00c9crans solidaires - See the movie! -\" \/>\n<meta property=\"og:description\" content=\"\u00c9crans Solidaires is an independent 100% Quebec movie distribution company offering a variety of quality Quebec and international films.\" \/>\n<meta property=\"og:url\" content=\"https:\/\/maison4tiers.com\/ecrans-solidaires\/en\/product\/saules-aveugles-femme-endormie\/\" \/>\n<meta property=\"og:site_name\" content=\"\u00c9crans solidaires\" \/>\n<meta property=\"article:modified_time\" content=\"2023-07-11T14:32:50+00:00\" \/>\n<meta property=\"og:image\" content=\"https:\/\/maison4tiers.com\/ecrans-solidaires\/wp-content\/uploads\/sites\/76\/2023\/06\/SAULES_affiche_WEB_critique_HR-scaled.jpg\" \/>\n\t<meta property=\"og:image:width\" content=\"1772\" \/>\n\t<meta property=\"og:image:height\" content=\"2560\" \/>\n\t<meta property=\"og:image:type\" content=\"image\/jpeg\" \/>\n<meta name=\"twitter:card\" content=\"summary_large_image\" \/>\n<script type=\"application\/ld+json\" class=\"yoast-schema-graph\">{\"@context\":\"https:\/\/schema.org\",\"@graph\":[{\"@type\":\"WebPage\",\"@id\":\"https:\/\/maison4tiers.com\/ecrans-solidaires\/en\/product\/saules-aveugles-femme-endormie\/\",\"url\":\"https:\/\/maison4tiers.com\/ecrans-solidaires\/en\/product\/saules-aveugles-femme-endormie\/\",\"name\":\"Blind Willow, Sleeping Woman - \u00c9crans solidaires - See the movie! -\",\"isPartOf\":{\"@id\":\"https:\/\/maison4tiers.com\/ecrans-solidaires\/en\/#website\"},\"primaryImageOfPage\":{\"@id\":\"https:\/\/maison4tiers.com\/ecrans-solidaires\/en\/product\/saules-aveugles-femme-endormie\/#primaryimage\"},\"image\":{\"@id\":\"https:\/\/maison4tiers.com\/ecrans-solidaires\/en\/product\/saules-aveugles-femme-endormie\/#primaryimage\"},\"thumbnailUrl\":\"https:\/\/maison4tiers.com\/ecrans-solidaires\/wp-content\/uploads\/sites\/76\/2023\/06\/SAULES_affiche_WEB_critique_HR-scaled.jpg\",\"datePublished\":\"2023-06-20T20:36:36+00:00\",\"dateModified\":\"2023-07-11T14:32:50+00:00\",\"description\":\"\u00c9crans Solidaires is an independent 100% Quebec movie distribution company offering a variety of quality Quebec and international films.\",\"breadcrumb\":{\"@id\":\"https:\/\/maison4tiers.com\/ecrans-solidaires\/en\/product\/saules-aveugles-femme-endormie\/#breadcrumb\"},\"inLanguage\":\"en-US\",\"potentialAction\":[{\"@type\":\"ReadAction\",\"target\":[\"https:\/\/maison4tiers.com\/ecrans-solidaires\/en\/product\/saules-aveugles-femme-endormie\/\"]}]},{\"@type\":\"ImageObject\",\"inLanguage\":\"en-US\",\"@id\":\"https:\/\/maison4tiers.com\/ecrans-solidaires\/en\/product\/saules-aveugles-femme-endormie\/#primaryimage\",\"url\":\"https:\/\/maison4tiers.com\/ecrans-solidaires\/wp-content\/uploads\/sites\/76\/2023\/06\/SAULES_affiche_WEB_critique_HR-scaled.jpg\",\"contentUrl\":\"https:\/\/maison4tiers.com\/ecrans-solidaires\/wp-content\/uploads\/sites\/76\/2023\/06\/SAULES_affiche_WEB_critique_HR-scaled.jpg\",\"width\":1772,\"height\":2560},{\"@type\":\"BreadcrumbList\",\"@id\":\"https:\/\/maison4tiers.com\/ecrans-solidaires\/en\/product\/saules-aveugles-femme-endormie\/#breadcrumb\",\"itemListElement\":[{\"@type\":\"ListItem\",\"position\":1,\"name\":\"Home\",\"item\":\"https:\/\/maison4tiers.com\/ecrans-solidaires\/en\/\"},{\"@type\":\"ListItem\",\"position\":2,\"name\":\"Movies\",\"item\":\"https:\/\/maison4tiers.com\/ecrans-solidaires\/en\/movies\/\"},{\"@type\":\"ListItem\",\"position\":3,\"name\":\"Blind Willow, Sleeping Woman\"}]},{\"@type\":\"WebSite\",\"@id\":\"https:\/\/maison4tiers.com\/ecrans-solidaires\/en\/#website\",\"url\":\"https:\/\/maison4tiers.com\/ecrans-solidaires\/en\/\",\"name\":\"\u00c9crans solidaires\",\"description\":\"Distribution multiplateforme de films qu\u00e9b\u00e9cois et internationaux\",\"publisher\":{\"@id\":\"https:\/\/maison4tiers.com\/ecrans-solidaires\/en\/#organization\"},\"potentialAction\":[{\"@type\":\"SearchAction\",\"target\":{\"@type\":\"EntryPoint\",\"urlTemplate\":\"https:\/\/maison4tiers.com\/ecrans-solidaires\/en\/?s={search_term_string}\"},\"query-input\":{\"@type\":\"PropertyValueSpecification\",\"valueRequired\":true,\"valueName\":\"search_term_string\"}}],\"inLanguage\":\"en-US\"},{\"@type\":\"Organization\",\"@id\":\"https:\/\/maison4tiers.com\/ecrans-solidaires\/en\/#organization\",\"name\":\"\u00c9crans solidaires\",\"url\":\"https:\/\/maison4tiers.com\/ecrans-solidaires\/en\/\",\"logo\":{\"@type\":\"ImageObject\",\"inLanguage\":\"en-US\",\"@id\":\"https:\/\/maison4tiers.com\/ecrans-solidaires\/en\/#\/schema\/logo\/image\/\",\"url\":\"https:\/\/maison4tiers.com\/ecrans-solidaires\/wp-content\/uploads\/sites\/76\/2020\/11\/favicon-196.png\",\"contentUrl\":\"https:\/\/maison4tiers.com\/ecrans-solidaires\/wp-content\/uploads\/sites\/76\/2020\/11\/favicon-196.png\",\"width\":196,\"height\":196,\"caption\":\"\u00c9crans solidaires\"},\"image\":{\"@id\":\"https:\/\/maison4tiers.com\/ecrans-solidaires\/en\/#\/schema\/logo\/image\/\"}}]}<\/script>\n<!-- \/ Yoast SEO plugin. -->","yoast_head_json":{"title":"Blind Willow, Sleeping Woman - \u00c9crans solidaires - See the movie! -","description":"\u00c9crans Solidaires is an independent 100% Quebec movie distribution company offering a variety of quality Quebec and international films.","robots":{"index":"noindex","follow":"follow","max-snippet":"max-snippet:-1","max-image-preview":"max-image-preview:large","max-video-preview":"max-video-preview:-1"},"og_locale":"en_US","og_type":"article","og_title":"Blind Willow, Sleeping Woman - \u00c9crans solidaires - See the movie! -","og_description":"\u00c9crans Solidaires is an independent 100% Quebec movie distribution company offering a variety of quality Quebec and international films.","og_url":"https:\/\/maison4tiers.com\/ecrans-solidaires\/en\/product\/saules-aveugles-femme-endormie\/","og_site_name":"\u00c9crans solidaires","article_modified_time":"2023-07-11T14:32:50+00:00","og_image":[{"width":1772,"height":2560,"url":"https:\/\/maison4tiers.com\/ecrans-solidaires\/wp-content\/uploads\/sites\/76\/2023\/06\/SAULES_affiche_WEB_critique_HR-scaled.jpg","type":"image\/jpeg"}],"twitter_card":"summary_large_image","schema":{"@context":"https:\/\/schema.org","@graph":[{"@type":"WebPage","@id":"https:\/\/maison4tiers.com\/ecrans-solidaires\/en\/product\/saules-aveugles-femme-endormie\/","url":"https:\/\/maison4tiers.com\/ecrans-solidaires\/en\/product\/saules-aveugles-femme-endormie\/","name":"Blind Willow, Sleeping Woman - \u00c9crans solidaires - See the movie! -","isPartOf":{"@id":"https:\/\/maison4tiers.com\/ecrans-solidaires\/en\/#website"},"primaryImageOfPage":{"@id":"https:\/\/maison4tiers.com\/ecrans-solidaires\/en\/product\/saules-aveugles-femme-endormie\/#primaryimage"},"image":{"@id":"https:\/\/maison4tiers.com\/ecrans-solidaires\/en\/product\/saules-aveugles-femme-endormie\/#primaryimage"},"thumbnailUrl":"https:\/\/maison4tiers.com\/ecrans-solidaires\/wp-content\/uploads\/sites\/76\/2023\/06\/SAULES_affiche_WEB_critique_HR-scaled.jpg","datePublished":"2023-06-20T20:36:36+00:00","dateModified":"2023-07-11T14:32:50+00:00","description":"\u00c9crans Solidaires is an independent 100% Quebec movie distribution company offering a variety of quality Quebec and international films.","breadcrumb":{"@id":"https:\/\/maison4tiers.com\/ecrans-solidaires\/en\/product\/saules-aveugles-femme-endormie\/#breadcrumb"},"inLanguage":"en-US","potentialAction":[{"@type":"ReadAction","target":["https:\/\/maison4tiers.com\/ecrans-solidaires\/en\/product\/saules-aveugles-femme-endormie\/"]}]},{"@type":"ImageObject","inLanguage":"en-US","@id":"https:\/\/maison4tiers.com\/ecrans-solidaires\/en\/product\/saules-aveugles-femme-endormie\/#primaryimage","url":"https:\/\/maison4tiers.com\/ecrans-solidaires\/wp-content\/uploads\/sites\/76\/2023\/06\/SAULES_affiche_WEB_critique_HR-scaled.jpg","contentUrl":"https:\/\/maison4tiers.com\/ecrans-solidaires\/wp-content\/uploads\/sites\/76\/2023\/06\/SAULES_affiche_WEB_critique_HR-scaled.jpg","width":1772,"height":2560},{"@type":"BreadcrumbList","@id":"https:\/\/maison4tiers.com\/ecrans-solidaires\/en\/product\/saules-aveugles-femme-endormie\/#breadcrumb","itemListElement":[{"@type":"ListItem","position":1,"name":"Home","item":"https:\/\/maison4tiers.com\/ecrans-solidaires\/en\/"},{"@type":"ListItem","position":2,"name":"Movies","item":"https:\/\/maison4tiers.com\/ecrans-solidaires\/en\/movies\/"},{"@type":"ListItem","position":3,"name":"Blind Willow, Sleeping Woman"}]},{"@type":"WebSite","@id":"https:\/\/maison4tiers.com\/ecrans-solidaires\/en\/#website","url":"https:\/\/maison4tiers.com\/ecrans-solidaires\/en\/","name":"\u00c9crans solidaires","description":"Distribution multiplateforme de films qu\u00e9b\u00e9cois et internationaux","publisher":{"@id":"https:\/\/maison4tiers.com\/ecrans-solidaires\/en\/#organization"},"potentialAction":[{"@type":"SearchAction","target":{"@type":"EntryPoint","urlTemplate":"https:\/\/maison4tiers.com\/ecrans-solidaires\/en\/?s={search_term_string}"},"query-input":{"@type":"PropertyValueSpecification","valueRequired":true,"valueName":"search_term_string"}}],"inLanguage":"en-US"},{"@type":"Organization","@id":"https:\/\/maison4tiers.com\/ecrans-solidaires\/en\/#organization","name":"\u00c9crans solidaires","url":"https:\/\/maison4tiers.com\/ecrans-solidaires\/en\/","logo":{"@type":"ImageObject","inLanguage":"en-US","@id":"https:\/\/maison4tiers.com\/ecrans-solidaires\/en\/#\/schema\/logo\/image\/","url":"https:\/\/maison4tiers.com\/ecrans-solidaires\/wp-content\/uploads\/sites\/76\/2020\/11\/favicon-196.png","contentUrl":"https:\/\/maison4tiers.com\/ecrans-solidaires\/wp-content\/uploads\/sites\/76\/2020\/11\/favicon-196.png","width":196,"height":196,"caption":"\u00c9crans solidaires"},"image":{"@id":"https:\/\/maison4tiers.com\/ecrans-solidaires\/en\/#\/schema\/logo\/image\/"}}]}},"jetpack_sharing_enabled":true,"_links":{"self":[{"href":"https:\/\/maison4tiers.com\/ecrans-solidaires\/en\/wp-json\/wp\/v2\/product\/15762","targetHints":{"allow":["GET"]}}],"collection":[{"href":"https:\/\/maison4tiers.com\/ecrans-solidaires\/en\/wp-json\/wp\/v2\/product"}],"about":[{"href":"https:\/\/maison4tiers.com\/ecrans-solidaires\/en\/wp-json\/wp\/v2\/types\/product"}],"wp:featuredmedia":[{"embeddable":true,"href":"https:\/\/maison4tiers.com\/ecrans-solidaires\/en\/wp-json\/wp\/v2\/media\/15761"}],"wp:attachment":[{"href":"https:\/\/maison4tiers.com\/ecrans-solidaires\/en\/wp-json\/wp\/v2\/media?parent=15762"}],"wp:term":[{"taxonomy":"product_brand","embeddable":true,"href":"https:\/\/maison4tiers.com\/ecrans-solidaires\/en\/wp-json\/wp\/v2\/product_brand?post=15762"},{"taxonomy":"product_cat","embeddable":true,"href":"https:\/\/maison4tiers.com\/ecrans-solidaires\/en\/wp-json\/wp\/v2\/product_cat?post=15762"},{"taxonomy":"product_tag","embeddable":true,"href":"https:\/\/maison4tiers.com\/ecrans-solidaires\/en\/wp-json\/wp\/v2\/product_tag?post=15762"}],"curies":[{"name":"wp","href":"https:\/\/api.w.org\/{rel}","templated":true}]}}