{"id":5558,"date":"2021-03-01T17:13:36","date_gmt":"2021-03-01T21:13:36","guid":{"rendered":"https:\/\/maison4tiers.com\/institutions\/"},"modified":"2024-01-10T10:38:01","modified_gmt":"2024-01-10T14:38:01","slug":"institutions","status":"publish","type":"page","link":"https:\/\/maison4tiers.com\/ecrans-solidaires\/en\/institutions\/","title":{"rendered":"Institutions"},"content":{"rendered":"\t\t<div data-elementor-type=\"wp-page\" data-elementor-id=\"5558\" class=\"elementor elementor-5558 elementor-5526\" data-elementor-post-type=\"page\">\n\t\t\t\t\t\t<section data-particle_enable=\"false\" data-particle-mobile-disabled=\"false\" class=\"elementor-section elementor-top-section elementor-element elementor-element-8ccc0e9 elementor-section-boxed elementor-section-height-default elementor-section-height-default qodef-elementor-content-no\" data-id=\"8ccc0e9\" data-element_type=\"section\" data-e-type=\"section\">\n\t\t\t\t\t\t<div class=\"elementor-container elementor-column-gap-default\">\n\t\t\t\t\t<div class=\"elementor-column elementor-col-100 elementor-top-column elementor-element elementor-element-508931a\" data-id=\"508931a\" data-element_type=\"column\" data-e-type=\"column\">\n\t\t\t<div class=\"elementor-widget-wrap elementor-element-populated\">\n\t\t\t\t\t\t<div class=\"elementor-element elementor-element-bad7943 elementor-widget elementor-widget-pelicula_core_section_title\" data-id=\"bad7943\" data-element_type=\"widget\" data-e-type=\"widget\" data-widget_type=\"pelicula_core_section_title.default\">\n\t\t\t\t<div class=\"elementor-widget-container\">\n\t\t\t\t\t<div class=\"qodef-shortcode qodef-m qodef-section-title qodef-alignment--left\" data-holder-options=\"{&quot;line-breaks&quot;:&quot;&quot;}\">\n\t\t<h6 class=\"qodef-m-tagline\" >\n\t\tYOU WISH TO ORGANIZE A\t<\/h6>\n\t    \t<h2 class=\"qodef-m-title\" >\n\t\t\tSCREENING OF ONE OF OUR FILMS? \t<\/h2>\n    \t<\/div>\t\t\t\t<\/div>\n\t\t\t\t<\/div>\n\t\t\t\t<section data-particle_enable=\"false\" data-particle-mobile-disabled=\"false\" class=\"elementor-section elementor-inner-section elementor-element elementor-element-7c16586 elementor-section-boxed elementor-section-height-default elementor-section-height-default qodef-elementor-content-no\" data-id=\"7c16586\" data-element_type=\"section\" data-e-type=\"section\">\n\t\t\t\t\t\t<div class=\"elementor-container elementor-column-gap-default\">\n\t\t\t\t\t<div class=\"elementor-column elementor-col-50 elementor-inner-column elementor-element elementor-element-0a2737a\" data-id=\"0a2737a\" data-element_type=\"column\" data-e-type=\"column\">\n\t\t\t<div class=\"elementor-widget-wrap elementor-element-populated\">\n\t\t\t\t\t\t<div class=\"elementor-element elementor-element-191f99e elementor-widget elementor-widget-text-editor\" data-id=\"191f99e\" data-element_type=\"widget\" data-e-type=\"widget\" data-widget_type=\"text-editor.default\">\n\t\t\t\t<div class=\"elementor-widget-container\">\n\t\t\t\t\t\t\t\t\t<p>\u00c9crans Solidaires offers all public institutions (social organization, festival, school, library, etc.) the possibility to offer their members a moment of sharing and discussion around a film.<\/p><p>We are convinced that our films are great pedagogical tools to raise viewers\u2019 awareness on different contemporary issues (environment, women&#8217;s rights, inclusion, etc).<\/p><p>Therefore, we propose to acquire the screening rights of one or several films to organize a virtual or live screening.<\/p><p>This screening can be followed by a round table discussion with the film team (director, producer, actors) or with guest speakers.<\/p><p>Discussion guides are available with some films with content and questions to initiate a post-projection discussion.<\/p><p>We also have pedagogical guides that will help teachers to build their course around the films.<\/p><p>If you are interested or if you want more information, please contact us <strong><a href=\"mailto:cecile@maison4tiers.com\" target=\"_blank\" rel=\"noopener\">by email<\/a><\/strong><\/p>\t\t\t\t\t\t\t\t<\/div>\n\t\t\t\t<\/div>\n\t\t\t\t<div class=\"elementor-element elementor-element-11af83b elementor-widget elementor-widget-pelicula_core_button\" data-id=\"11af83b\" data-element_type=\"widget\" data-e-type=\"widget\" data-widget_type=\"pelicula_core_button.default\">\n\t\t\t\t<div class=\"elementor-widget-container\">\n\t\t\t\t\t<a class=\"qodef-shortcode qodef-m qodef-button qodef-layout--filled qodef-html--link\" href=\"https:\/\/maison4tiers.com\/wp-content\/uploads\/sites\/75\/2024\/01\/M4.3_ENGL-Catalogue_JANUARY2024.pdf\" target=\"_blank\"  >\n\t<span class=\"qodef-m-text\">Access our catalog<\/span>\n<\/a>\t\t\t\t<\/div>\n\t\t\t\t<\/div>\n\t\t\t\t\t<\/div>\n\t\t<\/div>\n\t\t\t\t<div class=\"elementor-column elementor-col-50 elementor-inner-column elementor-element elementor-element-557ac44\" data-id=\"557ac44\" data-element_type=\"column\" data-e-type=\"column\">\n\t\t\t<div class=\"elementor-widget-wrap elementor-element-populated\">\n\t\t\t\t\t\t<div class=\"elementor-element elementor-element-c11355f elementor-widget elementor-widget-pelicula_core_image_with_text\" data-id=\"c11355f\" data-element_type=\"widget\" data-e-type=\"widget\" data-widget_type=\"pelicula_core_image_with_text.default\">\n\t\t\t\t<div class=\"elementor-widget-container\">\n\t\t\t\t\t<div class=\"qodef-shortcode qodef-m qodef-image-with-text qodef-layout--text-below\">\n\t<div class=\"qodef-m-image\">\n\t\t\t<img fetchpriority=\"high\" decoding=\"async\" width=\"785\" height=\"835\" src=\"https:\/\/maison4tiers.com\/ecrans-solidaires\/wp-content\/uploads\/sites\/76\/2021\/02\/m4tier-catalogues-en_3.png\" class=\"attachment-full size-full\" alt=\"\" srcset=\"https:\/\/maison4tiers.com\/ecrans-solidaires\/wp-content\/uploads\/sites\/76\/2021\/02\/m4tier-catalogues-en_3.png 785w, https:\/\/maison4tiers.com\/ecrans-solidaires\/wp-content\/uploads\/sites\/76\/2021\/02\/m4tier-catalogues-en_3-600x638.png 600w, https:\/\/maison4tiers.com\/ecrans-solidaires\/wp-content\/uploads\/sites\/76\/2021\/02\/m4tier-catalogues-en_3-282x300.png 282w, https:\/\/maison4tiers.com\/ecrans-solidaires\/wp-content\/uploads\/sites\/76\/2021\/02\/m4tier-catalogues-en_3-768x817.png 768w\" sizes=\"(max-width: 785px) 100vw, 785px\" \/>\t<\/div>\t<div class=\"qodef-m-content\">\n\t\t\t\t\t<\/div>\n<\/div>\t\t\t\t<\/div>\n\t\t\t\t<\/div>\n\t\t\t\t\t<\/div>\n\t\t<\/div>\n\t\t\t\t\t<\/div>\n\t\t<\/section>\n\t\t\t\t\t<\/div>\n\t\t<\/div>\n\t\t\t\t\t<\/div>\n\t\t<\/section>\n\t\t\t\t<section data-particle_enable=\"false\" data-particle-mobile-disabled=\"false\" class=\"elementor-section elementor-top-section elementor-element elementor-element-4fc81b1 elementor-section-boxed elementor-section-height-default elementor-section-height-default qodef-elementor-content-no\" data-id=\"4fc81b1\" data-element_type=\"section\" data-e-type=\"section\">\n\t\t\t\t\t\t<div class=\"elementor-container elementor-column-gap-default\">\n\t\t\t\t\t<div class=\"elementor-column elementor-col-100 elementor-top-column elementor-element elementor-element-f16e323\" data-id=\"f16e323\" data-element_type=\"column\" data-e-type=\"column\">\n\t\t\t<div class=\"elementor-widget-wrap elementor-element-populated\">\n\t\t\t\t\t\t<div class=\"elementor-element elementor-element-dcecb6c elementor-widget elementor-widget-pelicula_core_section_title\" data-id=\"dcecb6c\" data-element_type=\"widget\" data-e-type=\"widget\" data-widget_type=\"pelicula_core_section_title.default\">\n\t\t\t\t<div class=\"elementor-widget-container\">\n\t\t\t\t\t<div class=\"qodef-shortcode qodef-m qodef-section-title qodef-alignment--left\" data-holder-options=\"{&quot;line-breaks&quot;:&quot;&quot;}\">\n\t\t<h6 class=\"qodef-m-tagline\" >\n\t\tABOUT\t<\/h6>\n\t    \t<h2 class=\"qodef-m-title\" >\n\t\t\tSCREENING RIGHTS\t<\/h2>\n    \t<\/div>\t\t\t\t<\/div>\n\t\t\t\t<\/div>\n\t\t\t\t<div class=\"elementor-element elementor-element-0a397e4 elementor-widget elementor-widget-text-editor\" data-id=\"0a397e4\" data-element_type=\"widget\" data-e-type=\"widget\" data-widget_type=\"text-editor.default\">\n\t\t\t\t<div class=\"elementor-widget-container\">\n\t\t\t\t\t\t\t\t\t<p>If you wish to organize a screening of one of our films for an audience, you must purchase a screening license.<\/p><p>Indeed, the <a href=\"https:\/\/www.cb-cda.gc.ca\/en\/copyright-information\/copyright-act\" target=\"_blank\" rel=\"noopener\">Canadian Copyright Act<\/a> in Canada stipulates that any screening of films in a public place is subject to obtaining a Public Screening Right License.<\/p><p><strong>Are there any exceptions? Yes, two!<\/strong><\/p><ol><li>Libraries that acquire a film only for loan to users<\/li><li>Teachers in public schools who screen the film in class for strictly educational (not entertainment) purposes, e.g. the film &#8220;Antigone&#8221; studied in the literature course.<\/li><\/ol><p>In these two cases only, the DVD can be purchased directly on <strong><a href=\"\/en\/movies\/\" target=\"_blank\" rel=\"noopener\">our website<\/a><\/strong>, our Vimeo or in bookstores without the need to purchase a license.<\/p><p>In all other cases a license is required for a public screening.<\/p><p>A public screening is any film presentation that occurs outside of a private home or for an audience other than family and friends.<\/p><p>Presentations taking place in private associations, libraries, amphitheatres, private clubs or private companies are also considered public presentations.<\/p><p>If you have any doubt or want to discuss it, please contact us by <a href=\"mailto:cecile@maison4tiers.com\" target=\"_blank\" rel=\"noopener\"><strong>email<\/strong><\/a>.<\/p>\t\t\t\t\t\t\t\t<\/div>\n\t\t\t\t<\/div>\n\t\t\t\t\t<\/div>\n\t\t<\/div>\n\t\t\t\t\t<\/div>\n\t\t<\/section>\n\t\t\t\t<section data-particle_enable=\"false\" data-particle-mobile-disabled=\"false\" class=\"elementor-section elementor-top-section elementor-element elementor-element-4fe7722 elementor-section-boxed elementor-section-height-default elementor-section-height-default qodef-elementor-content-no\" data-id=\"4fe7722\" data-element_type=\"section\" data-e-type=\"section\" data-settings=\"{&quot;background_background&quot;:&quot;classic&quot;}\">\n\t\t\t\t\t\t<div class=\"elementor-container elementor-column-gap-default\">\n\t\t\t\t\t<div class=\"elementor-column elementor-col-100 elementor-top-column elementor-element elementor-element-a9f6e90\" data-id=\"a9f6e90\" data-element_type=\"column\" data-e-type=\"column\">\n\t\t\t<div class=\"elementor-widget-wrap elementor-element-populated\">\n\t\t\t\t\t\t<div class=\"elementor-element elementor-element-4c4a835 elementor-widget elementor-widget-pelicula_core_section_title\" data-id=\"4c4a835\" data-element_type=\"widget\" data-e-type=\"widget\" data-widget_type=\"pelicula_core_section_title.default\">\n\t\t\t\t<div class=\"elementor-widget-container\">\n\t\t\t\t\t<div class=\"qodef-shortcode qodef-m qodef-section-title qodef-alignment--left\" data-holder-options=\"{&quot;line-breaks&quot;:&quot;&quot;}\">\n\t\t<h6 class=\"qodef-m-tagline\" >\n\t\tSelection of dedicated films\t<\/h6>\n\t    \t<h2 class=\"qodef-m-title\" >\n\t\t\tUQAM PRIVATE SPACE\t<\/h2>\n    \t<\/div>\t\t\t\t<\/div>\n\t\t\t\t<\/div>\n\t\t\t\t<div class=\"elementor-element elementor-element-35b793a elementor-widget elementor-widget-text-editor\" data-id=\"35b793a\" data-element_type=\"widget\" data-e-type=\"widget\" data-widget_type=\"text-editor.default\">\n\t\t\t\t<div class=\"elementor-widget-container\">\n\t\t\t\t\t\t\t\t\t<p>UQAM students and staff : Watch a selection of films and documentaries for your private use or as part of your lessons. For the password, please ask your institution.<\/p>\n<p>*Only in French<\/p>\t\t\t\t\t\t\t\t<\/div>\n\t\t\t\t<\/div>\n\t\t\t\t<div class=\"elementor-element elementor-element-9e5dffc elementor-widget elementor-widget-pelicula_core_button\" data-id=\"9e5dffc\" data-element_type=\"widget\" data-e-type=\"widget\" data-widget_type=\"pelicula_core_button.default\">\n\t\t\t\t<div class=\"elementor-widget-container\">\n\t\t\t\t\t<a class=\"qodef-shortcode qodef-m qodef-button qodef-layout--filled qodef-html--link\" href=\"\/uqam\" target=\"_blank\"  >\n\t<span class=\"qodef-m-text\">Access the UQAM private space<\/span>\n<\/a>\t\t\t\t<\/div>\n\t\t\t\t<\/div>\n\t\t\t\t\t<\/div>\n\t\t<\/div>\n\t\t\t\t\t<\/div>\n\t\t<\/section>\n\t\t\t\t<\/div>\n\t\t","protected":false},"excerpt":{"rendered":"<p>YOU WISH TO ORGANIZE A SCREENING OF ONE OF OUR FILMS? \u00c9crans Solidaires offers all public institutions (social organization, festival, school, library, etc.) the possibility to offer their members a moment of sharing and discussion around a film. We are convinced that our films are great pedagogical tools to raise viewers\u2019 awareness on different contemporary [&hellip;]<\/p>\n","protected":false},"author":11,"featured_media":0,"parent":0,"menu_order":0,"comment_status":"closed","ping_status":"closed","template":"","meta":{"_acf_changed":false,"_eb_attr":"","footnotes":""},"class_list":["post-5558","page","type-page","status-publish","hentry"],"acf":[],"yoast_head":"<!-- This site is optimized with the Yoast SEO plugin v27.0 - https:\/\/yoast.com\/product\/yoast-seo-wordpress\/ -->\n<title>Institutions - \u00c9crans solidaires<\/title>\n<meta name=\"robots\" content=\"noindex, follow, max-snippet:-1, max-image-preview:large, max-video-preview:-1\" \/>\n<meta property=\"og:locale\" content=\"en_US\" \/>\n<meta property=\"og:type\" content=\"article\" \/>\n<meta property=\"og:title\" content=\"Institutions - \u00c9crans solidaires\" \/>\n<meta property=\"og:description\" content=\"YOU WISH TO ORGANIZE A SCREENING OF ONE OF OUR FILMS? \u00c9crans Solidaires offers all public institutions (social organization, festival, school, library, etc.) the possibility to offer their members a moment of sharing and discussion around a film. We are convinced that our films are great pedagogical tools to raise viewers\u2019 awareness on different contemporary [&hellip;]\" \/>\n<meta property=\"og:url\" content=\"https:\/\/maison4tiers.com\/ecrans-solidaires\/en\/institutions\/\" \/>\n<meta property=\"og:site_name\" content=\"\u00c9crans solidaires\" \/>\n<meta property=\"article:modified_time\" content=\"2024-01-10T14:38:01+00:00\" \/>\n<meta property=\"og:image\" content=\"https:\/\/maison4tiers.com\/wp-content\/uploads\/sites\/75\/2021\/02\/m4tier-catalogues-en_3.png\" \/>\n<meta name=\"twitter:card\" content=\"summary_large_image\" \/>\n<meta name=\"twitter:label1\" content=\"Est. reading time\" \/>\n\t<meta name=\"twitter:data1\" content=\"2 minutes\" \/>\n<script type=\"application\/ld+json\" class=\"yoast-schema-graph\">{\"@context\":\"https:\/\/schema.org\",\"@graph\":[{\"@type\":\"WebPage\",\"@id\":\"https:\/\/maison4tiers.com\/ecrans-solidaires\/en\/institutions\/\",\"url\":\"https:\/\/maison4tiers.com\/ecrans-solidaires\/en\/institutions\/\",\"name\":\"Institutions - \u00c9crans solidaires\",\"isPartOf\":{\"@id\":\"https:\/\/maison4tiers.com\/ecrans-solidaires\/en\/#website\"},\"primaryImageOfPage\":{\"@id\":\"https:\/\/maison4tiers.com\/ecrans-solidaires\/en\/institutions\/#primaryimage\"},\"image\":{\"@id\":\"https:\/\/maison4tiers.com\/ecrans-solidaires\/en\/institutions\/#primaryimage\"},\"thumbnailUrl\":\"https:\/\/maison4tiers.com\/wp-content\/uploads\/sites\/75\/2021\/02\/m4tier-catalogues-en_3.png\",\"datePublished\":\"2021-03-01T21:13:36+00:00\",\"dateModified\":\"2024-01-10T14:38:01+00:00\",\"breadcrumb\":{\"@id\":\"https:\/\/maison4tiers.com\/ecrans-solidaires\/en\/institutions\/#breadcrumb\"},\"inLanguage\":\"en-US\",\"potentialAction\":[{\"@type\":\"ReadAction\",\"target\":[\"https:\/\/maison4tiers.com\/ecrans-solidaires\/en\/institutions\/\"]}]},{\"@type\":\"ImageObject\",\"inLanguage\":\"en-US\",\"@id\":\"https:\/\/maison4tiers.com\/ecrans-solidaires\/en\/institutions\/#primaryimage\",\"url\":\"https:\/\/maison4tiers.com\/wp-content\/uploads\/sites\/75\/2021\/02\/m4tier-catalogues-en_3.png\",\"contentUrl\":\"https:\/\/maison4tiers.com\/wp-content\/uploads\/sites\/75\/2021\/02\/m4tier-catalogues-en_3.png\"},{\"@type\":\"BreadcrumbList\",\"@id\":\"https:\/\/maison4tiers.com\/ecrans-solidaires\/en\/institutions\/#breadcrumb\",\"itemListElement\":[{\"@type\":\"ListItem\",\"position\":1,\"name\":\"Home\",\"item\":\"https:\/\/maison4tiers.com\/ecrans-solidaires\/en\/\"},{\"@type\":\"ListItem\",\"position\":2,\"name\":\"Institutions\"}]},{\"@type\":\"WebSite\",\"@id\":\"https:\/\/maison4tiers.com\/ecrans-solidaires\/en\/#website\",\"url\":\"https:\/\/maison4tiers.com\/ecrans-solidaires\/en\/\",\"name\":\"\u00c9crans solidaires\",\"description\":\"Distribution multiplateforme de films qu\u00e9b\u00e9cois et internationaux\",\"publisher\":{\"@id\":\"https:\/\/maison4tiers.com\/ecrans-solidaires\/en\/#organization\"},\"potentialAction\":[{\"@type\":\"SearchAction\",\"target\":{\"@type\":\"EntryPoint\",\"urlTemplate\":\"https:\/\/maison4tiers.com\/ecrans-solidaires\/en\/?s={search_term_string}\"},\"query-input\":{\"@type\":\"PropertyValueSpecification\",\"valueRequired\":true,\"valueName\":\"search_term_string\"}}],\"inLanguage\":\"en-US\"},{\"@type\":\"Organization\",\"@id\":\"https:\/\/maison4tiers.com\/ecrans-solidaires\/en\/#organization\",\"name\":\"\u00c9crans solidaires\",\"url\":\"https:\/\/maison4tiers.com\/ecrans-solidaires\/en\/\",\"logo\":{\"@type\":\"ImageObject\",\"inLanguage\":\"en-US\",\"@id\":\"https:\/\/maison4tiers.com\/ecrans-solidaires\/en\/#\/schema\/logo\/image\/\",\"url\":\"https:\/\/maison4tiers.com\/ecrans-solidaires\/wp-content\/uploads\/sites\/76\/2020\/11\/favicon-196.png\",\"contentUrl\":\"https:\/\/maison4tiers.com\/ecrans-solidaires\/wp-content\/uploads\/sites\/76\/2020\/11\/favicon-196.png\",\"width\":196,\"height\":196,\"caption\":\"\u00c9crans solidaires\"},\"image\":{\"@id\":\"https:\/\/maison4tiers.com\/ecrans-solidaires\/en\/#\/schema\/logo\/image\/\"}}]}<\/script>\n<!-- \/ Yoast SEO plugin. -->","yoast_head_json":{"title":"Institutions - \u00c9crans solidaires","robots":{"index":"noindex","follow":"follow","max-snippet":"max-snippet:-1","max-image-preview":"max-image-preview:large","max-video-preview":"max-video-preview:-1"},"og_locale":"en_US","og_type":"article","og_title":"Institutions - \u00c9crans solidaires","og_description":"YOU WISH TO ORGANIZE A SCREENING OF ONE OF OUR FILMS? \u00c9crans Solidaires offers all public institutions (social organization, festival, school, library, etc.) the possibility to offer their members a moment of sharing and discussion around a film. We are convinced that our films are great pedagogical tools to raise viewers\u2019 awareness on different contemporary [&hellip;]","og_url":"https:\/\/maison4tiers.com\/ecrans-solidaires\/en\/institutions\/","og_site_name":"\u00c9crans solidaires","article_modified_time":"2024-01-10T14:38:01+00:00","og_image":[{"url":"https:\/\/maison4tiers.com\/wp-content\/uploads\/sites\/75\/2021\/02\/m4tier-catalogues-en_3.png","type":"","width":"","height":""}],"twitter_card":"summary_large_image","twitter_misc":{"Est. reading time":"2 minutes"},"schema":{"@context":"https:\/\/schema.org","@graph":[{"@type":"WebPage","@id":"https:\/\/maison4tiers.com\/ecrans-solidaires\/en\/institutions\/","url":"https:\/\/maison4tiers.com\/ecrans-solidaires\/en\/institutions\/","name":"Institutions - \u00c9crans solidaires","isPartOf":{"@id":"https:\/\/maison4tiers.com\/ecrans-solidaires\/en\/#website"},"primaryImageOfPage":{"@id":"https:\/\/maison4tiers.com\/ecrans-solidaires\/en\/institutions\/#primaryimage"},"image":{"@id":"https:\/\/maison4tiers.com\/ecrans-solidaires\/en\/institutions\/#primaryimage"},"thumbnailUrl":"https:\/\/maison4tiers.com\/wp-content\/uploads\/sites\/75\/2021\/02\/m4tier-catalogues-en_3.png","datePublished":"2021-03-01T21:13:36+00:00","dateModified":"2024-01-10T14:38:01+00:00","breadcrumb":{"@id":"https:\/\/maison4tiers.com\/ecrans-solidaires\/en\/institutions\/#breadcrumb"},"inLanguage":"en-US","potentialAction":[{"@type":"ReadAction","target":["https:\/\/maison4tiers.com\/ecrans-solidaires\/en\/institutions\/"]}]},{"@type":"ImageObject","inLanguage":"en-US","@id":"https:\/\/maison4tiers.com\/ecrans-solidaires\/en\/institutions\/#primaryimage","url":"https:\/\/maison4tiers.com\/wp-content\/uploads\/sites\/75\/2021\/02\/m4tier-catalogues-en_3.png","contentUrl":"https:\/\/maison4tiers.com\/wp-content\/uploads\/sites\/75\/2021\/02\/m4tier-catalogues-en_3.png"},{"@type":"BreadcrumbList","@id":"https:\/\/maison4tiers.com\/ecrans-solidaires\/en\/institutions\/#breadcrumb","itemListElement":[{"@type":"ListItem","position":1,"name":"Home","item":"https:\/\/maison4tiers.com\/ecrans-solidaires\/en\/"},{"@type":"ListItem","position":2,"name":"Institutions"}]},{"@type":"WebSite","@id":"https:\/\/maison4tiers.com\/ecrans-solidaires\/en\/#website","url":"https:\/\/maison4tiers.com\/ecrans-solidaires\/en\/","name":"\u00c9crans solidaires","description":"Distribution multiplateforme de films qu\u00e9b\u00e9cois et internationaux","publisher":{"@id":"https:\/\/maison4tiers.com\/ecrans-solidaires\/en\/#organization"},"potentialAction":[{"@type":"SearchAction","target":{"@type":"EntryPoint","urlTemplate":"https:\/\/maison4tiers.com\/ecrans-solidaires\/en\/?s={search_term_string}"},"query-input":{"@type":"PropertyValueSpecification","valueRequired":true,"valueName":"search_term_string"}}],"inLanguage":"en-US"},{"@type":"Organization","@id":"https:\/\/maison4tiers.com\/ecrans-solidaires\/en\/#organization","name":"\u00c9crans solidaires","url":"https:\/\/maison4tiers.com\/ecrans-solidaires\/en\/","logo":{"@type":"ImageObject","inLanguage":"en-US","@id":"https:\/\/maison4tiers.com\/ecrans-solidaires\/en\/#\/schema\/logo\/image\/","url":"https:\/\/maison4tiers.com\/ecrans-solidaires\/wp-content\/uploads\/sites\/76\/2020\/11\/favicon-196.png","contentUrl":"https:\/\/maison4tiers.com\/ecrans-solidaires\/wp-content\/uploads\/sites\/76\/2020\/11\/favicon-196.png","width":196,"height":196,"caption":"\u00c9crans solidaires"},"image":{"@id":"https:\/\/maison4tiers.com\/ecrans-solidaires\/en\/#\/schema\/logo\/image\/"}}]}},"jetpack_sharing_enabled":true,"_links":{"self":[{"href":"https:\/\/maison4tiers.com\/ecrans-solidaires\/en\/wp-json\/wp\/v2\/pages\/5558","targetHints":{"allow":["GET"]}}],"collection":[{"href":"https:\/\/maison4tiers.com\/ecrans-solidaires\/en\/wp-json\/wp\/v2\/pages"}],"about":[{"href":"https:\/\/maison4tiers.com\/ecrans-solidaires\/en\/wp-json\/wp\/v2\/types\/page"}],"author":[{"embeddable":true,"href":"https:\/\/maison4tiers.com\/ecrans-solidaires\/en\/wp-json\/wp\/v2\/users\/11"}],"replies":[{"embeddable":true,"href":"https:\/\/maison4tiers.com\/ecrans-solidaires\/en\/wp-json\/wp\/v2\/comments?post=5558"}],"version-history":[{"count":0,"href":"https:\/\/maison4tiers.com\/ecrans-solidaires\/en\/wp-json\/wp\/v2\/pages\/5558\/revisions"}],"wp:attachment":[{"href":"https:\/\/maison4tiers.com\/ecrans-solidaires\/en\/wp-json\/wp\/v2\/media?parent=5558"}],"curies":[{"name":"wp","href":"https:\/\/api.w.org\/{rel}","templated":true}]}}