{"id":4129,"date":"2021-02-02T18:07:52","date_gmt":"2021-02-02T22:07:52","guid":{"rendered":"https:\/\/maison4tiers.com\/help\/"},"modified":"2021-03-04T17:56:55","modified_gmt":"2021-03-04T21:56:55","slug":"help","status":"publish","type":"page","link":"https:\/\/maison4tiers.com\/ecrans-solidaires\/en\/help\/","title":{"rendered":"Help"},"content":{"rendered":"\t\t<div data-elementor-type=\"wp-page\" data-elementor-id=\"4129\" class=\"elementor elementor-4129 elementor-1154\" data-elementor-post-type=\"page\">\n\t\t\t\t\t\t<section data-particle_enable=\"false\" data-particle-mobile-disabled=\"false\" class=\"elementor-section elementor-top-section elementor-element elementor-element-d644ca8 elementor-section-full_width elementor-section-height-default elementor-section-height-default qodef-elementor-content-no\" data-id=\"d644ca8\" data-element_type=\"section\" data-e-type=\"section\">\n\t\t\t\t\t\t<div class=\"elementor-container elementor-column-gap-no\">\n\t\t\t\t\t<div class=\"elementor-column elementor-col-100 elementor-top-column elementor-element elementor-element-c236cfa\" data-id=\"c236cfa\" data-element_type=\"column\" data-e-type=\"column\">\n\t\t\t<div class=\"elementor-widget-wrap elementor-element-populated\">\n\t\t\t\t\t\t<div class=\"elementor-element elementor-element-58601e9 elementor-widget elementor-widget-pelicula_core_accordion\" data-id=\"58601e9\" data-element_type=\"widget\" data-e-type=\"widget\" data-widget_type=\"pelicula_core_accordion.default\">\n\t\t\t\t<div class=\"elementor-widget-container\">\n\t\t\t\t\t<div class=\"qodef-shortcode qodef-m qodef-accordion clear qodef-behavior--accordion qodef-layout--simple qodef-skin--dark\">\n\t<h5 class=\"qodef-accordion-title\">\n\t<span class=\"qodef-tab-title\">\n\t\tBuy \/ rent a film in digital version (rental or purchase):\t<\/span>\n\t<span class=\"qodef-accordion-mark\">\n\t\t<span class=\"qodef-icon--plus icon_plus\"><\/span>\n\t\t<span class=\"qodef-icon--minus icon_close\"><\/span>\n\t<\/span>\n<\/h5>\n<div class=\"qodef-accordion-content\">\n\t<div class=\"qodef-accordion-content-inner\">\n\t\t<ol><li><span style=\"color: #000000;\">Browse our <strong><a style=\"color: #000000;\" href=\"\/en\/movies\/\">selection of movies<\/a><\/strong> or enter the desired movie* in the search bar at the top right of the window. You can choose from the version to rent, buy or even offer as a gift. Depending on the movie, you can also select the original French version (VOF) or the English subtitled version (EST).<\/span><\/li><li><span style=\"color: #000000;\">Enter your email and password<\/span><\/li><li><span style=\"color: #000000;\">Enter your credit card information for payment<\/span><\/li><li><span style=\"color: #000000;\">Click on Complete your purchase<\/span><\/li><\/ol><p><span style=\"color: #000000;\">Thank you heartily for supporting a 100% Quebec company! Enjoy the movie! \ud83d\ude0a<\/span><\/p>\t<\/div>\n<\/div><h5 class=\"qodef-accordion-title\">\n\t<span class=\"qodef-tab-title\">\n\t\tOrder a DVD \/ Bluray\t<\/span>\n\t<span class=\"qodef-accordion-mark\">\n\t\t<span class=\"qodef-icon--plus icon_plus\"><\/span>\n\t\t<span class=\"qodef-icon--minus icon_close\"><\/span>\n\t<\/span>\n<\/h5>\n<div class=\"qodef-accordion-content\">\n\t<div class=\"qodef-accordion-content-inner\">\n\t\t<ol><li><span style=\"color: #000000;\">Browse our <strong><a style=\"color: #000000;\" href=\"\/en\/movies\/\">selection of movies<\/a><\/strong> or enter the desired movie in the search bar at the top right of the window.<\/span><\/li><li><span style=\"color: #000000;\">Click <strong>Add to cart<\/strong><\/span><\/li><li><span style=\"color: #000000;\">Click on <strong>Confirm order<\/strong><\/span><\/li><li><span style=\"color: #000000;\">Enter your personal information in <strong>Billing &amp; Shipping<\/strong><\/span><\/li><li><span style=\"color: #000000;\">Click on <strong>Pay<\/strong> (Choose the Paypal or Credit Card option)<\/span><\/li><li><span style=\"color: #000000;\">Enter your banking information<\/span><\/li><li><span style=\"color: #000000;\">Confirm your order<\/span><\/li><\/ol><p><span style=\"color: #000000;\">Your order will be shipped as soon as possible \ud83d\ude0a<\/span><\/p><p><span style=\"color: #000000;\">Thank you heartily for supporting a 100% Quebec company!<\/span><\/p>\t<\/div>\n<\/div><h5 class=\"qodef-accordion-title\">\n\t<span class=\"qodef-tab-title\">\n\t\tWatch my movie on my smart TV\t<\/span>\n\t<span class=\"qodef-accordion-mark\">\n\t\t<span class=\"qodef-icon--plus icon_plus\"><\/span>\n\t\t<span class=\"qodef-icon--minus icon_close\"><\/span>\n\t<\/span>\n<\/h5>\n<div class=\"qodef-accordion-content\">\n\t<div class=\"qodef-accordion-content-inner\">\n\t\t<p><span style=\"color: #000000;\">If you have a smart TV, such as a Samsung brand TV, you may not be able to connect or play content from the Internet browser built into the TV. In other words, it might work, but these browsers are not among our currently supported browsers. If you want to give it a try, here are the steps on a smart TV browser:<\/span><\/p><p>\u00a0<\/p><p><span style=\"color: #000000;\"><strong>STEP 1<\/strong><\/span><\/p><p><span style=\"color: #000000;\">On your TV, open the Internet browser and visit Vimeo.com.<\/span><br \/><span style=\"color: #000000;\">Enter your email address, submit, and you will receive a link by email.<\/span><\/p><p>\u00a0<\/p><p><span style=\"color: #000000;\"><strong>STEP 2<\/strong><\/span><\/p><p><span style=\"color: #000000;\">On another device (that is, another computer or mobile device), open your inbox, open the login email, and click the LOGIN link.<\/span><\/p><p>\u00a0<\/p><p><span style=\"color: #000000;\"><strong>STEP 3<\/strong><\/span><\/p><p><span style=\"color: #000000;\">Return to your TV browser and you should be logged in to watch.If these steps don't work, it's likely that your smart TV isn't compatible.In this case, you can try to connect your computer or mobile device to your TV using an HDMI cord or to cast through Chromecast or Airplay with Apple devices.<\/span><\/p><p>\u00a0<\/p><p><span style=\"color: #000000;\">Note: At this time, we do not support Chromecast devices built into some TVs. While it might work, our player is not developed to support this, and we are unable to fix any issues that may arise.<\/span><\/p>\t<\/div>\n<\/div><h5 class=\"qodef-accordion-title\">\n\t<span class=\"qodef-tab-title\">\n\t\tWatch a private Vimeo video on a smart TV or through an Apple TV\t<\/span>\n\t<span class=\"qodef-accordion-mark\">\n\t\t<span class=\"qodef-icon--plus icon_plus\"><\/span>\n\t\t<span class=\"qodef-icon--minus icon_close\"><\/span>\n\t<\/span>\n<\/h5>\n<div class=\"qodef-accordion-content\">\n\t<div class=\"qodef-accordion-content-inner\">\n\t\t<p><span style=\"color: #000000;\">Watch a private Vimeo video on a smart TV or through an Apple TV\u201cPrivate\u201d videos requiring a password will not be searchable via the Vimeo app on a Smart TV or Apple TV. To access Vimeo private videos, you will need to add them to your Watch Later list on Vimeo.<\/span><\/p><p><span style=\"color: #000000;\">Here's how to do it:<\/span><\/p><p>\u00a0<\/p><p><span style=\"color: #000000;\"><strong>STEP 1<\/strong><\/span><\/p><p><span style=\"color: #000000;\">Create a basic (free) account at https:\/\/vimeo.com\/upgrade. The link to a basic account is listed just below the header.<\/span><\/p><p>\u00a0<\/p><p><span style=\"color: #000000;\"><strong>STEP 2<\/strong><\/span><\/p><p><span style=\"color: #000000;\">On your computer or laptop, sign in to your Vimeo account.<\/span><\/p><p><span style=\"color: #000000;\">In your email program, open the email message that contains the vimeo link to your private video.<\/span><\/p><p><span style=\"color: #000000;\">Open the video, enter the password.<\/span><\/p><p><span style=\"color: #000000;\">In the upper right corner of the video, click the Clock icon to add to the list to watch later. Repeat this for each video, adding each video to your list to watch later.<\/span><\/p><p><span style=\"color: #000000;\">You only need to do this step once per video.<\/span><\/p><p>\u00a0<\/p><p><span style=\"color: #000000;\"><strong>STEP 3<\/strong><\/span><\/p><p><span style=\"color: #000000;\">On your Smart TV or Apple TV or other streaming device, load your Vimeo app.<\/span><\/p><p><span style=\"color: #000000;\">Log into your free account.<\/span><\/p><p><span style=\"color: #000000;\">Access your private videos from the Watch Later list.<\/span><\/p><p><span style=\"color: #000000;\">You will still need to enter the password for each video, as long as it is set to Private rather than Public.<\/span><\/p><p>\u00a0<\/p><p><span style=\"color: #000000;\">Now your private videos will be played on your smart TV!<\/span><\/p>\t<\/div>\n<\/div><h5 class=\"qodef-accordion-title\">\n\t<span class=\"qodef-tab-title\">\n\t\tAccess a free or promotional film\t<\/span>\n\t<span class=\"qodef-accordion-mark\">\n\t\t<span class=\"qodef-icon--plus icon_plus\"><\/span>\n\t\t<span class=\"qodef-icon--minus icon_close\"><\/span>\n\t<\/span>\n<\/h5>\n<div class=\"qodef-accordion-content\">\n\t<div class=\"qodef-accordion-content-inner\">\n\t\t<ol><li><span style=\"color: #000000;\">Follow our <strong><a style=\"color: #000000;\" href=\"https:\/\/www.facebook.com\/maison4tiers\/\" target=\"_blank\" rel=\"noopener\"><span style=\"text-decoration: underline;\">Facebook page<\/span><\/a><\/strong> to not miss our announcements of films in promotion<\/span><\/li><li><span style=\"color: #000000;\">Take note of the <strong>promotional code<\/strong> given in the Facebook post..<\/span><\/li><li><span style=\"color: #000000;\">Once on <strong><a style=\"color: #000000;\" href=\"\/en\/movies\/\">Maison 4:3's Online Store<\/a><\/strong>, locate the film on promotion Browse our <strong><a style=\"color: #000000;\" href=\"\/en\/movies\/\">selection of films<\/a><\/strong> or enter the desired film in the search bar at the top right of the window)<\/span><\/li><li><span style=\"color: #000000;\">Click <strong>Buy Product<\/strong><\/span><\/li><li><span style=\"color: #000000;\">Click on <strong>Buy or Rent<\/strong><\/span><\/li><li><span style=\"color: #000000;\">Select the <strong>Rent<\/strong> option on the left<\/span><\/li><li><span style=\"color: #000000;\">Enter your email address and password<\/span><\/li><li><span style=\"color: #000000;\">Select <strong>Promo code<\/strong> and enter your promotional code<\/span><\/li><li><span style=\"color: #000000;\">Click on <strong>Redeem Now<\/strong><\/span><\/li><\/ol><p><span style=\"color: #000000;\">There you go! The code will be functional for 24 hours. Enjoy the movie!<\/span><\/p>\t<\/div>\n<\/div><h5 class=\"qodef-accordion-title\">\n\t<span class=\"qodef-tab-title\">\n\t\tOther questions ...\t<\/span>\n\t<span class=\"qodef-accordion-mark\">\n\t\t<span class=\"qodef-icon--plus icon_plus\"><\/span>\n\t\t<span class=\"qodef-icon--minus icon_close\"><\/span>\n\t<\/span>\n<\/h5>\n<div class=\"qodef-accordion-content\">\n\t<div class=\"qodef-accordion-content-inner\">\n\t\t<p><span style=\"color: #000000;\">If you encounter any difficulties after following these steps one by one, please contact us at <a style=\"color: #000000;\" href=\"mailto:info@maison4tiers.com\"><span style=\"text-decoration: underline;\"><strong>info@maison4tiers.com<\/strong><\/span><\/a> or via the messaging service on our <span style=\"text-decoration: underline;\"><strong><a style=\"color: #000000; text-decoration: underline;\" href=\"https:\/\/www.facebook.com\/maison4tiers\" target=\"_blank\" rel=\"noopener\">Facebook page<\/a><\/strong><\/span><\/span><\/p>\t<\/div>\n<\/div><\/div>\t\t\t\t<\/div>\n\t\t\t\t<\/div>\n\t\t\t\t\t<\/div>\n\t\t<\/div>\n\t\t\t\t\t<\/div>\n\t\t<\/section>\n\t\t\t\t<\/div>\n\t\t","protected":false},"excerpt":{"rendered":"<p>Buy \/ rent a film in digital version (rental or purchase): Browse our selection of movies or enter the desired movie* in the search bar at the top right of the window. You can choose from the version to rent, buy or even offer as a gift. Depending on the movie, you can also select [&hellip;]<\/p>\n","protected":false},"author":11,"featured_media":0,"parent":0,"menu_order":0,"comment_status":"closed","ping_status":"closed","template":"","meta":{"_acf_changed":false,"_eb_attr":"","footnotes":""},"class_list":["post-4129","page","type-page","status-publish","hentry"],"acf":[],"yoast_head":"<!-- This site is optimized with the Yoast SEO plugin v27.0 - https:\/\/yoast.com\/product\/yoast-seo-wordpress\/ -->\n<title>Help - \u00c9crans solidaires<\/title>\n<meta name=\"robots\" content=\"noindex, follow, max-snippet:-1, max-image-preview:large, max-video-preview:-1\" \/>\n<meta property=\"og:locale\" content=\"en_US\" \/>\n<meta property=\"og:type\" content=\"article\" \/>\n<meta property=\"og:title\" content=\"Help - \u00c9crans solidaires\" \/>\n<meta property=\"og:description\" content=\"Buy \/ rent a film in digital version (rental or purchase): Browse our selection of movies or enter the desired movie* in the search bar at the top right of the window. You can choose from the version to rent, buy or even offer as a gift. Depending on the movie, you can also select [&hellip;]\" \/>\n<meta property=\"og:url\" content=\"https:\/\/maison4tiers.com\/ecrans-solidaires\/en\/help\/\" \/>\n<meta property=\"og:site_name\" content=\"\u00c9crans solidaires\" \/>\n<meta property=\"article:modified_time\" content=\"2021-03-04T21:56:55+00:00\" \/>\n<meta name=\"twitter:card\" content=\"summary_large_image\" \/>\n<meta name=\"twitter:label1\" content=\"Est. reading time\" \/>\n\t<meta name=\"twitter:data1\" content=\"4 minutes\" \/>\n<script type=\"application\/ld+json\" class=\"yoast-schema-graph\">{\"@context\":\"https:\/\/schema.org\",\"@graph\":[{\"@type\":\"WebPage\",\"@id\":\"https:\/\/maison4tiers.com\/ecrans-solidaires\/en\/help\/\",\"url\":\"https:\/\/maison4tiers.com\/ecrans-solidaires\/en\/help\/\",\"name\":\"Help - \u00c9crans solidaires\",\"isPartOf\":{\"@id\":\"https:\/\/maison4tiers.com\/ecrans-solidaires\/en\/#website\"},\"datePublished\":\"2021-02-02T22:07:52+00:00\",\"dateModified\":\"2021-03-04T21:56:55+00:00\",\"breadcrumb\":{\"@id\":\"https:\/\/maison4tiers.com\/ecrans-solidaires\/en\/help\/#breadcrumb\"},\"inLanguage\":\"en-US\",\"potentialAction\":[{\"@type\":\"ReadAction\",\"target\":[\"https:\/\/maison4tiers.com\/ecrans-solidaires\/en\/help\/\"]}]},{\"@type\":\"BreadcrumbList\",\"@id\":\"https:\/\/maison4tiers.com\/ecrans-solidaires\/en\/help\/#breadcrumb\",\"itemListElement\":[{\"@type\":\"ListItem\",\"position\":1,\"name\":\"Home\",\"item\":\"https:\/\/maison4tiers.com\/ecrans-solidaires\/en\/\"},{\"@type\":\"ListItem\",\"position\":2,\"name\":\"Help\"}]},{\"@type\":\"WebSite\",\"@id\":\"https:\/\/maison4tiers.com\/ecrans-solidaires\/en\/#website\",\"url\":\"https:\/\/maison4tiers.com\/ecrans-solidaires\/en\/\",\"name\":\"\u00c9crans solidaires\",\"description\":\"Distribution multiplateforme de films qu\u00e9b\u00e9cois et internationaux\",\"publisher\":{\"@id\":\"https:\/\/maison4tiers.com\/ecrans-solidaires\/en\/#organization\"},\"potentialAction\":[{\"@type\":\"SearchAction\",\"target\":{\"@type\":\"EntryPoint\",\"urlTemplate\":\"https:\/\/maison4tiers.com\/ecrans-solidaires\/en\/?s={search_term_string}\"},\"query-input\":{\"@type\":\"PropertyValueSpecification\",\"valueRequired\":true,\"valueName\":\"search_term_string\"}}],\"inLanguage\":\"en-US\"},{\"@type\":\"Organization\",\"@id\":\"https:\/\/maison4tiers.com\/ecrans-solidaires\/en\/#organization\",\"name\":\"\u00c9crans solidaires\",\"url\":\"https:\/\/maison4tiers.com\/ecrans-solidaires\/en\/\",\"logo\":{\"@type\":\"ImageObject\",\"inLanguage\":\"en-US\",\"@id\":\"https:\/\/maison4tiers.com\/ecrans-solidaires\/en\/#\/schema\/logo\/image\/\",\"url\":\"https:\/\/maison4tiers.com\/ecrans-solidaires\/wp-content\/uploads\/sites\/76\/2020\/11\/favicon-196.png\",\"contentUrl\":\"https:\/\/maison4tiers.com\/ecrans-solidaires\/wp-content\/uploads\/sites\/76\/2020\/11\/favicon-196.png\",\"width\":196,\"height\":196,\"caption\":\"\u00c9crans solidaires\"},\"image\":{\"@id\":\"https:\/\/maison4tiers.com\/ecrans-solidaires\/en\/#\/schema\/logo\/image\/\"}}]}<\/script>\n<!-- \/ Yoast SEO plugin. -->","yoast_head_json":{"title":"Help - \u00c9crans solidaires","robots":{"index":"noindex","follow":"follow","max-snippet":"max-snippet:-1","max-image-preview":"max-image-preview:large","max-video-preview":"max-video-preview:-1"},"og_locale":"en_US","og_type":"article","og_title":"Help - \u00c9crans solidaires","og_description":"Buy \/ rent a film in digital version (rental or purchase): Browse our selection of movies or enter the desired movie* in the search bar at the top right of the window. You can choose from the version to rent, buy or even offer as a gift. Depending on the movie, you can also select [&hellip;]","og_url":"https:\/\/maison4tiers.com\/ecrans-solidaires\/en\/help\/","og_site_name":"\u00c9crans solidaires","article_modified_time":"2021-03-04T21:56:55+00:00","twitter_card":"summary_large_image","twitter_misc":{"Est. reading time":"4 minutes"},"schema":{"@context":"https:\/\/schema.org","@graph":[{"@type":"WebPage","@id":"https:\/\/maison4tiers.com\/ecrans-solidaires\/en\/help\/","url":"https:\/\/maison4tiers.com\/ecrans-solidaires\/en\/help\/","name":"Help - \u00c9crans solidaires","isPartOf":{"@id":"https:\/\/maison4tiers.com\/ecrans-solidaires\/en\/#website"},"datePublished":"2021-02-02T22:07:52+00:00","dateModified":"2021-03-04T21:56:55+00:00","breadcrumb":{"@id":"https:\/\/maison4tiers.com\/ecrans-solidaires\/en\/help\/#breadcrumb"},"inLanguage":"en-US","potentialAction":[{"@type":"ReadAction","target":["https:\/\/maison4tiers.com\/ecrans-solidaires\/en\/help\/"]}]},{"@type":"BreadcrumbList","@id":"https:\/\/maison4tiers.com\/ecrans-solidaires\/en\/help\/#breadcrumb","itemListElement":[{"@type":"ListItem","position":1,"name":"Home","item":"https:\/\/maison4tiers.com\/ecrans-solidaires\/en\/"},{"@type":"ListItem","position":2,"name":"Help"}]},{"@type":"WebSite","@id":"https:\/\/maison4tiers.com\/ecrans-solidaires\/en\/#website","url":"https:\/\/maison4tiers.com\/ecrans-solidaires\/en\/","name":"\u00c9crans solidaires","description":"Distribution multiplateforme de films qu\u00e9b\u00e9cois et internationaux","publisher":{"@id":"https:\/\/maison4tiers.com\/ecrans-solidaires\/en\/#organization"},"potentialAction":[{"@type":"SearchAction","target":{"@type":"EntryPoint","urlTemplate":"https:\/\/maison4tiers.com\/ecrans-solidaires\/en\/?s={search_term_string}"},"query-input":{"@type":"PropertyValueSpecification","valueRequired":true,"valueName":"search_term_string"}}],"inLanguage":"en-US"},{"@type":"Organization","@id":"https:\/\/maison4tiers.com\/ecrans-solidaires\/en\/#organization","name":"\u00c9crans solidaires","url":"https:\/\/maison4tiers.com\/ecrans-solidaires\/en\/","logo":{"@type":"ImageObject","inLanguage":"en-US","@id":"https:\/\/maison4tiers.com\/ecrans-solidaires\/en\/#\/schema\/logo\/image\/","url":"https:\/\/maison4tiers.com\/ecrans-solidaires\/wp-content\/uploads\/sites\/76\/2020\/11\/favicon-196.png","contentUrl":"https:\/\/maison4tiers.com\/ecrans-solidaires\/wp-content\/uploads\/sites\/76\/2020\/11\/favicon-196.png","width":196,"height":196,"caption":"\u00c9crans solidaires"},"image":{"@id":"https:\/\/maison4tiers.com\/ecrans-solidaires\/en\/#\/schema\/logo\/image\/"}}]}},"jetpack_sharing_enabled":true,"_links":{"self":[{"href":"https:\/\/maison4tiers.com\/ecrans-solidaires\/en\/wp-json\/wp\/v2\/pages\/4129","targetHints":{"allow":["GET"]}}],"collection":[{"href":"https:\/\/maison4tiers.com\/ecrans-solidaires\/en\/wp-json\/wp\/v2\/pages"}],"about":[{"href":"https:\/\/maison4tiers.com\/ecrans-solidaires\/en\/wp-json\/wp\/v2\/types\/page"}],"author":[{"embeddable":true,"href":"https:\/\/maison4tiers.com\/ecrans-solidaires\/en\/wp-json\/wp\/v2\/users\/11"}],"replies":[{"embeddable":true,"href":"https:\/\/maison4tiers.com\/ecrans-solidaires\/en\/wp-json\/wp\/v2\/comments?post=4129"}],"version-history":[{"count":0,"href":"https:\/\/maison4tiers.com\/ecrans-solidaires\/en\/wp-json\/wp\/v2\/pages\/4129\/revisions"}],"wp:attachment":[{"href":"https:\/\/maison4tiers.com\/ecrans-solidaires\/en\/wp-json\/wp\/v2\/media?parent=4129"}],"curies":[{"name":"wp","href":"https:\/\/api.w.org\/{rel}","templated":true}]}}